{"id":219,"date":"2009-05-26T12:26:29","date_gmt":"2009-05-26T10:26:29","guid":{"rendered":"http:\/\/www.derfaulepoet.de\/?page_id=219"},"modified":"2015-05-09T14:30:26","modified_gmt":"2015-05-09T12:30:26","slug":"wer-bin-ich","status":"publish","type":"page","link":"http:\/\/www.derfaulepoet.de\/?page_id=219","title":{"rendered":"Wer bin ich?"},"content":{"rendered":"<p>&nbsp;<\/p>\n<p>Hier ist mein Name.<\/p>\n<p>? e i ? ? ? ? ?\u00a0\u00a0\u00a0 ? u ? ? e ? ? c ?<\/p>\n<p>Ups! Da sind wohl einige Buchstaben verloren gegangen.Aber kein Problem!Sieben R\u00e4tsel sind zu l\u00f6sen.Den 1. Buchstaben des jeweiligen L\u00f6sungswortes einfach an die zahlenm\u00e4\u00dfig genannte Stelle meines Namens einf\u00fcgen und schon habt Ihr das R\u00e4tsel meines Namens gel\u00f6st.<\/p>\n<p>Wenn ihr das R\u00e4tsel gel\u00f6st habt, geht auf <a href=\"http:\/\/www.derfaulepoet.de\/?page_id=297\">diese Seite<\/a>.Das richtige Passwort &#8211; ihr erratet es sicherlich &#8211; ist mein vollst\u00e4ndiger Name, so wie man ihn schreibt.<\/p>\n<p style=\"text-align: center;\"><img loading=\"lazy\" title=\"Der Sucher\" src=\"http:\/\/www.derfaulepoet.de\/Bilder\/Sucher.jpg\" alt=\"Bild Sucher\" width=\"346\" height=\"450\" \/><\/p>\n<p>&nbsp;&nbsp;<\/p>\n<p style=\"text-align: left;\">R\u00e4tsel f\u00fcr den 1. und 7. Buchstaben meines Namens.<\/p>\n<p style=\"text-align: left;\">? e i ? ? ? ? ?\u00a0\u00a0\u00a0 ? u ? ? e ? ? c ?<\/p>\n<p style=\"text-align: left;\">Die Wolken sind sein Haus,dort geht er ein und aus.Geht er einmal vor die T\u00fcr,f\u00e4llt er auf die Nase -Dir.<\/p>\n<p>&nbsp;<\/p>\n<p style=\"text-align: left; padding-left: 60px;\">R\u00e4tsel f\u00fcr den 6. und 15. Buchstaben meines Namens.<\/p>\n<p style=\"text-align: left; padding-left: 60px;\">? e i ? ? ? ? ?\u00a0\u00a0\u00a0 ? u ? ? e ? ? c ?<\/p>\n<p style=\"text-align: left; padding-left: 60px;\">Sie steht an vielen Stra\u00dfenund blinkt den Leuten zu.Mit ihren bunten Augensorgt sie f\u00fcr Hast und Ruh&#8216;.<\/p>\n<p>&nbsp;&nbsp;<\/p>\n<p style=\"text-align: left;\">R\u00e4tsel f\u00fcr den 8. und 12. Buchstaben meines Namens.<\/p>\n<p style=\"text-align: left;\">? e i ? ? ? ? ?\u00a0\u00a0\u00a0 ? u ? ? e ? ? c ?<\/p>\n<p style=\"text-align: left;\">Er lehnt sich in den Windund steigt der Sonne zu,auf einer unsichtbaren Leiter,wenn sein Freund es will:Weiter, immer weiter.<\/p>\n<p>&nbsp;<\/p>\n<p style=\"text-align: left; padding-left: 60px;\">R\u00e4tsel f\u00fcr den 4. und 11. Buchstaben meines Namens.<\/p>\n<p style=\"text-align: left; padding-left: 60px;\">? e i ? ? ? ? ?\u00a0\u00a0\u00a0 ? u ? ? e ? ? c ?<\/p>\n<p style=\"text-align: left; padding-left: 60px;\">Du hast einen.Ich hab\u00b4meinen.Es will mir scheinen,dass niemand keinen.(L\u00f6se das R\u00e4tsel und)und nenn mir den Deinen.<\/p>\n<p>&nbsp;&nbsp;<\/p>\n<p style=\"text-align: left;\">R\u00e4tsel f\u00fcr den 14. Buchstaben meines Namens.<\/p>\n<p style=\"text-align: left;\">? e i ? ? ? ? ?\u00a0\u00a0\u00a0 ? u ? ? e ? ? c ?<\/p>\n<p style=\"text-align: left;\">Etwas schlaff und unscheinbar,d\u00fcnne Haut mit kleinem Schlund.W\u00e4chst sich rund ganz sonderbar,beatmen wir ihn Mund zu Mund.<\/p>\n<p>&nbsp;<\/p>\n<p style=\"text-align: left; padding-left: 60px;\">R\u00e4tsel f\u00fcr den 9. Buchstaben meines Namens.<\/p>\n<p style=\"text-align: left; padding-left: 60px;\">? e i ? ? ? ? ?\u00a0\u00a0\u00a0 ? u ? ? e ? ? c ?<\/p>\n<p style=\"text-align: left; padding-left: 60px;\">Jedem ist es von Geburt an gegeben,beim Stehen, Laufen und Sprinten;ein gewichtsloses Ma\u00df, Lebensspa\u00df eben.Dreh dich im Kreis, dann wirst du es finden.<\/p>\n<p>&nbsp;&nbsp;&nbsp;<\/p>\n<p style=\"text-align: left;\">R\u00e4tsel f\u00fcr den 5 und 17. Buchstaben meines Namens.<\/p>\n<p style=\"text-align: left;\">? e i ? ? ? ? ?\u00a0\u00a0\u00a0 ? u ? ? e ? ? c ?<\/p>\n<p style=\"text-align: left;\">T\u00e4glich nimmst du mich zur Hand.Und ich schmuse dein Gesicht.Ich h\u00e4nge an der Wand.Dich waschen kann ich leider nicht.<\/p>\n<p>&nbsp;&nbsp;&nbsp;&nbsp;&nbsp;<\/p>\n<p>Dies ist die zweite M\u00f6glichkeit meinen Namen zu &#8222;err\u00e4tseln&#8220;.<\/p>\n<p>Alle R\u00e4tsel ohne Autorenangabe stammen aus der Feder von:<\/p>\n<p>Charlie Haddun Gern<\/p>\n<p>Das ist ein Anagramm meines &#8222;gutb\u00fcrgerlichen&#8220; Namens, der sich bei richtiger Umstellung der Buchstaben nicht ganz problemlos finden l\u00e4sst.<\/p>\n<p>Als kleine St\u00fctze:<\/p>\n<p>? e i ? ? ? ? ?\u00a0\u00a0\u00a0 ? u ? ? e ? ? c ?<\/p>\n<p>Wenn ihr das R\u00e4tsel gel\u00f6st habt, geht auf <a href=\"http:\/\/www.derfaulepoet.de\/?page_id=297\">diese Seite<\/a>.Das richtige Passwort &#8211; ihr erratet es sicherlich &#8211; ist mein vollst\u00e4ndiger Name, so wie man ihn schreibt.<\/p>\n<p>&nbsp;<\/p>\n","protected":false},"excerpt":{"rendered":"<p>&nbsp; Hier ist mein Name. ? e i ? ? ? ? ?\u00a0\u00a0\u00a0 ? u ? ? e ? ? c ? Ups! Da sind wohl einige Buchstaben verloren gegangen.Aber kein Problem!Sieben R\u00e4tsel sind zu l\u00f6sen.Den 1. Buchstaben des jeweiligen L\u00f6sungswortes einfach an die zahlenm\u00e4\u00dfig genannte Stelle meines Namens einf\u00fcgen und schon habt Ihr das [&hellip;]<\/p>\n","protected":false},"author":1,"featured_media":0,"parent":0,"menu_order":2,"comment_status":"closed","ping_status":"closed","template":"","meta":[],"categories":[],"tags":[],"_links":{"self":[{"href":"http:\/\/www.derfaulepoet.de\/index.php?rest_route=\/wp\/v2\/pages\/219"}],"collection":[{"href":"http:\/\/www.derfaulepoet.de\/index.php?rest_route=\/wp\/v2\/pages"}],"about":[{"href":"http:\/\/www.derfaulepoet.de\/index.php?rest_route=\/wp\/v2\/types\/page"}],"author":[{"embeddable":true,"href":"http:\/\/www.derfaulepoet.de\/index.php?rest_route=\/wp\/v2\/users\/1"}],"replies":[{"embeddable":true,"href":"http:\/\/www.derfaulepoet.de\/index.php?rest_route=%2Fwp%2Fv2%2Fcomments&post=219"}],"version-history":[{"count":26,"href":"http:\/\/www.derfaulepoet.de\/index.php?rest_route=\/wp\/v2\/pages\/219\/revisions"}],"predecessor-version":[{"id":1924,"href":"http:\/\/www.derfaulepoet.de\/index.php?rest_route=\/wp\/v2\/pages\/219\/revisions\/1924"}],"wp:attachment":[{"href":"http:\/\/www.derfaulepoet.de\/index.php?rest_route=%2Fwp%2Fv2%2Fmedia&parent=219"}],"wp:term":[{"taxonomy":"category","embeddable":true,"href":"http:\/\/www.derfaulepoet.de\/index.php?rest_route=%2Fwp%2Fv2%2Fcategories&post=219"},{"taxonomy":"post_tag","embeddable":true,"href":"http:\/\/www.derfaulepoet.de\/index.php?rest_route=%2Fwp%2Fv2%2Ftags&post=219"}],"curies":[{"name":"wp","href":"https:\/\/api.w.org\/{rel}","templated":true}]}}