{"id":1970,"date":"2015-05-10T12:41:39","date_gmt":"2015-05-10T10:41:39","guid":{"rendered":"http:\/\/www.derfaulepoet.de\/?page_id=1970"},"modified":"2015-05-10T12:44:55","modified_gmt":"2015-05-10T10:44:55","slug":"unbekannt","status":"publish","type":"page","link":"http:\/\/www.derfaulepoet.de\/?page_id=1970","title":{"rendered":"UNBEKANNT"},"content":{"rendered":"<p>&nbsp;<\/p>\n<p>Wer rief die Kinder wohl hereinins H\u00e4uslein kleinaus Kuchen fein?<\/p>\n<p><a class=\"accordion-toggle collapsed\" data-toggle=\"collapse\" data-parent=\"#accordion-thinkupshortcodesaccordion234\" href=\"#thinkupshortcodesaccordion234-0\">ANTWORT<\/a>DIE HEXE<\/p>\n<p>\u00a0<\/p>\n<p>Im Lenz erquick&#8216; ich dich,im Sommer k\u00fchl&#8216; ich dich,Im Herbst ern\u00e4hr&#8216; ich dich,im Winter w\u00e4rm&#8216; ich dich.<\/p>\n<p><a class=\"accordion-toggle collapsed\" data-toggle=\"collapse\" data-parent=\"#accordion-thinkupshortcodesaccordion235\" href=\"#thinkupshortcodesaccordion235-0\">ANTWORT<\/a>DER BAUM<\/p>\n<p>\u00a0<\/p>\n<p>Wer mich bei\u00dft, den bei\u00df ich wieder,mach ihm nass die Augenlieder.<\/p>\n<p><a class=\"accordion-toggle collapsed\" data-toggle=\"collapse\" data-parent=\"#accordion-thinkupshortcodesaccordion236\" href=\"#thinkupshortcodesaccordion236-0\">ANTWORT<\/a>DIE ZWIEBEL<\/p>\n<p>\u00a0<\/p>\n<p>Wer es macht, der braucht es nicht,wer es kauft, der will es nicht;wer es braucht, der wei\u00df es nicht.<\/p>\n<p><a class=\"accordion-toggle collapsed\" data-toggle=\"collapse\" data-parent=\"#accordion-thinkupshortcodesaccordion237\" href=\"#thinkupshortcodesaccordion237-0\">ANTWORT<\/a>DER SARG<\/p>\n<p>\u00a0<\/p>\n<p>Du sp\u00fcrst ihn und fasst ihn nicht,du greifst ihn an und hast ihn nicht,du h\u00f6rst ihn und siehst ihn nicht,du rennst davon und fliehst ihn nicht.<\/p>\n<p><a class=\"accordion-toggle collapsed\" data-toggle=\"collapse\" data-parent=\"#accordion-thinkupshortcodesaccordion238\" href=\"#thinkupshortcodesaccordion238-0\">ANTWORT<\/a>DER WIND<\/p>\n<p>\u00a0<\/p>\n<p>Es hat vier Beine und kann nicht gehen,muss immer auf allen Vieren stehen.Was ist das?<\/p>\n<p><a class=\"accordion-toggle collapsed\" data-toggle=\"collapse\" data-parent=\"#accordion-thinkupshortcodesaccordion239\" href=\"#thinkupshortcodesaccordion239-0\">ANTWORT<\/a>DER TISCH<\/p>\n<p>\u00a0<\/p>\n<p>Zwei sind&#8217;s, die nebeneinander steh&#8217;n,alles gut und deutlich seh&#8217;n;nur immer eins das andre nicht,und w\u00e4r&#8217;s beim hellsten Tageslicht.<\/p>\n<p><a class=\"accordion-toggle collapsed\" data-toggle=\"collapse\" data-parent=\"#accordion-thinkupshortcodesaccordion240\" href=\"#thinkupshortcodesaccordion240-0\">ANTWORT<\/a>DIE AUGEN<\/p>\n<p>\u00a0<\/p>\n<p>Es geht durch Stadt und Landund bleibt doch immer an der selben Stelle.<\/p>\n<p><a class=\"accordion-toggle collapsed\" data-toggle=\"collapse\" data-parent=\"#accordion-thinkupshortcodesaccordion241\" href=\"#thinkupshortcodesaccordion241-0\">ANTWORT<\/a>DIE STRASSE<\/p>\n<p>\u00a0<\/p>\n<p>Bei Tag kannst du mich nicht sehen,bei Nacht kannst du nach mir gehen.<\/p>\n<p><a class=\"accordion-toggle collapsed\" data-toggle=\"collapse\" data-parent=\"#accordion-thinkupshortcodesaccordion242\" href=\"#thinkupshortcodesaccordion242-0\">ANTWORT<\/a>EIN STERN<\/p>\n<p>\u00a0<\/p>\n<p>Jedem zeigt er ein anderes Gesicht.Selber hat er keins.Wei\u00dft du, wer das ist?<\/p>\n<p><a class=\"accordion-toggle collapsed\" data-toggle=\"collapse\" data-parent=\"#accordion-thinkupshortcodesaccordion243\" href=\"#thinkupshortcodesaccordion243-0\">ANTWORT<\/a>DER SPIEGEL<\/p>\n<p>\u00a0<\/p>\n<p>Auf welcher Weide k\u00f6nnen keine K\u00fche grasen?<\/p>\n<p><a class=\"accordion-toggle collapsed\" data-toggle=\"collapse\" data-parent=\"#accordion-thinkupshortcodesaccordion244\" href=\"#thinkupshortcodesaccordion244-0\">ANTWORT<\/a>AUF DER TRAUERWEIDE<\/p>\n<p>\u00a0<\/p>\n<p>Das Kalte mach ich warm,das Hei\u00dfe mach ich kalt,es hat mich reich und arm,wer lang mich hat, wird alt.<\/p>\n<p><a class=\"accordion-toggle collapsed\" data-toggle=\"collapse\" data-parent=\"#accordion-thinkupshortcodesaccordion245\" href=\"#thinkupshortcodesaccordion245-0\">ANTWORT<\/a>DER ATEM<\/p>\n<p>\u00a0<\/p>\n<p>Ich habe Z\u00e4hne und bin kein Esser,ich kann schneiden und bin kein Messer.<\/p>\n<p><a class=\"accordion-toggle collapsed\" data-toggle=\"collapse\" data-parent=\"#accordion-thinkupshortcodesaccordion246\" href=\"#thinkupshortcodesaccordion246-0\">ANTWORT<\/a>DIE S\u00c4GE<\/p>\n<p>\u00a0<\/p>\n<p>Was hat sechs Beine, l\u00e4uft aber auf Vieren?<\/p>\n<p><a class=\"accordion-toggle collapsed\" data-toggle=\"collapse\" data-parent=\"#accordion-thinkupshortcodesaccordion247\" href=\"#thinkupshortcodesaccordion247-0\">ANTWORT<\/a>EIN REITER AUF SEINEM PFERD<\/p>\n<p>\u00a0<\/p>\n<p>Der arme Tropf hat einen Hut und keinen Kopf.Und hat dazu nur einen Fu\u00df und keinen Schuh.<\/p>\n<p><a class=\"accordion-toggle collapsed\" data-toggle=\"collapse\" data-parent=\"#accordion-thinkupshortcodesaccordion248\" href=\"#thinkupshortcodesaccordion248-0\">ANTWORT<\/a>DER PILZ<\/p>\n<p>\u00a0<\/p>\n<p>Je mehr man wegnimmt, desto gr\u00f6\u00dfer wird es.Je mehr man hinzutut, desto kleiner wird es.Was ist das?<\/p>\n<p><a class=\"accordion-toggle collapsed\" data-toggle=\"collapse\" data-parent=\"#accordion-thinkupshortcodesaccordion249\" href=\"#thinkupshortcodesaccordion249-0\">ANTWORT<\/a>EIN LOCH<\/p>\n<p>\u00a0<\/p>\n<p>An Form bin ich ganz kugelrund,durchscheinend, leicht und herrlich bunt.Ein schwacher Hauch macht, dass ich bin.Durch einen Sto\u00df bin ich dahin.<\/p>\n<p><a class=\"accordion-toggle collapsed\" data-toggle=\"collapse\" data-parent=\"#accordion-thinkupshortcodesaccordion250\" href=\"#thinkupshortcodesaccordion250-0\">ANTWORT<\/a>SIE SEIFENBLASE<\/p>\n<p>\u00a0<\/p>\n<p>Was ist das? Hat Arme, aber keine H\u00e4nde, l\u00e4uft und hat keine F\u00fc\u00dfe.<\/p>\n<p><a class=\"accordion-toggle collapsed\" data-toggle=\"collapse\" data-parent=\"#accordion-thinkupshortcodesaccordion251\" href=\"#thinkupshortcodesaccordion251-0\">ANTWORT<\/a>DER FLUSS<\/p>\n<p>\u00a0<\/p>\n<p>Welche Blumen m\u00f6gen keine Sonne?<\/p>\n<p><a class=\"accordion-toggle collapsed\" data-toggle=\"collapse\" data-parent=\"#accordion-thinkupshortcodesaccordion252\" href=\"#thinkupshortcodesaccordion252-0\">ANTWORT<\/a>DIE EISBLUMEN<\/p>\n<p>\u00a0<\/p>\n<p>Wenn man es braucht, wirft man es weg,<a class=\"accordion-toggle collapsed\" data-toggle=\"collapse\" data-parent=\"#accordion-thinkupshortcodesaccordion253\" href=\"#thinkupshortcodesaccordion253-0\">ANTWORT<\/a>EIN ANKER<\/p>\n<p>\u00a0<\/p>\n<p>Ich sag dir nicht, was ich dir sage.Was ich dir sage, sag ich dirnur darum, dass du sagest mir,was ich nicht selbst dir sage!Das ist r\u00e4tselhaft, nicht wahr?<\/p>\n<p><a class=\"accordion-toggle collapsed\" data-toggle=\"collapse\" data-parent=\"#accordion-thinkupshortcodesaccordion254\" href=\"#thinkupshortcodesaccordion254-0\">ANTWORT<\/a>DAS R\u00c4TSEL<\/p>\n<p>\u00a0<\/p>\n<p>Warum steckt der Vogel Strau\u00df bei Gefahr den Kopf in den Sand?<\/p>\n<p><a class=\"accordion-toggle collapsed\" data-toggle=\"collapse\" data-parent=\"#accordion-thinkupshortcodesaccordion255\" href=\"#thinkupshortcodesaccordion255-0\">ANTWORT<\/a>WENN ER IHN IN WASSER STECKEN W\u00dcRDE, W\u00dcRDE ER ERTRINKEN.<\/p>\n<p>\u00a0<\/p>\n<p>Wer kann h\u00f6her springen als der K\u00f6lner Dom?<\/p>\n<p><a class=\"accordion-toggle collapsed\" data-toggle=\"collapse\" data-parent=\"#accordion-thinkupshortcodesaccordion256\" href=\"#thinkupshortcodesaccordion256-0\">ANTWORT<\/a>WOHL JEDER, DENN DER DOM KANN NICHT SPRINGEN.<\/p>\n<p>\u00a0<\/p>\n<p>Der Himmel hat&#8217;s, die Erde nicht,die M\u00e4del haben&#8217;s, die Frauen nicht,der Teufel hat es und Gott nicht,der Lenz zuerst, der Michel hintan.<\/p>\n<p><a class=\"accordion-toggle collapsed\" data-toggle=\"collapse\" data-parent=\"#accordion-thinkupshortcodesaccordion257\" href=\"#thinkupshortcodesaccordion257-0\">ANTWORT<\/a>DER BUCHSTABE L<\/p>\n<p>\u00a0<\/p>\n<p>Womit f\u00e4ngt der Tag an und h\u00f6rt die Nacht auf?<\/p>\n<p><a class=\"accordion-toggle collapsed\" data-toggle=\"collapse\" data-parent=\"#accordion-thinkupshortcodesaccordion258\" href=\"#thinkupshortcodesaccordion258-0\">ANTWORT<\/a>MIT DEM BUCHSTABEN T<\/p>\n<p>\u00a0<\/p>\n<p>In welchen Seen ist kein Wasser?<\/p>\n<p><a class=\"accordion-toggle collapsed\" data-toggle=\"collapse\" data-parent=\"#accordion-thinkupshortcodesaccordion259\" href=\"#thinkupshortcodesaccordion259-0\">ANTWORT<\/a>IN DEN MUSEEN<\/p>\n<p>\u00a0<\/p>\n<p>Wer hat es bequemer, der Kaffee oder der Tee?<\/p>\n<p><a class=\"accordion-toggle collapsed\" data-toggle=\"collapse\" data-parent=\"#accordion-thinkupshortcodesaccordion260\" href=\"#thinkupshortcodesaccordion260-0\">ANTWORT<\/a>DER KAFFEE. ER KANN SICH SETZEN, DER TEE DAGEGEN MUSS ZIEHEN.<\/p>\n<p>\u00a0<\/p>\n<p>Warum sind Hunde oft b\u00f6se auf Brieftr\u00e4ger?<\/p>\n<p><a class=\"accordion-toggle collapsed\" data-toggle=\"collapse\" data-parent=\"#accordion-thinkupshortcodesaccordion261\" href=\"#thinkupshortcodesaccordion261-0\">ANTWORT<\/a>WEIL SIE NIE POST BEKOMMEN.<\/p>\n<p>\u00a0<\/p>\n<p>Wie viele Kehlen hat der Mensch?<\/p>\n<p><a class=\"accordion-toggle collapsed\" data-toggle=\"collapse\" data-parent=\"#accordion-thinkupshortcodesaccordion262\" href=\"#thinkupshortcodesaccordion262-0\">ANTWORT<\/a>DREI. EINE AM HALS UND ZWEI AN DEN KNIEN.<\/p>\n<p>\u00a0<\/p>\n<p>Was ist das Ende von allem?<\/p>\n<p><a class=\"accordion-toggle collapsed\" data-toggle=\"collapse\" data-parent=\"#accordion-thinkupshortcodesaccordion263\" href=\"#thinkupshortcodesaccordion263-0\">ANTWORT<\/a>DER BUCHSTABE M<\/p>\n<p>\u00a0<\/p>\n<p>Welcher Abend f\u00e4ngt schon am Morgen an?<\/p>\n<p><a class=\"accordion-toggle collapsed\" data-toggle=\"collapse\" data-parent=\"#accordion-thinkupshortcodesaccordion264\" href=\"#thinkupshortcodesaccordion264-0\">ANTWORT<\/a>DER SONNABEND<\/p>\n<p>\u00a0<\/p>\n<p>Welcher Baum tr\u00e4gt weder Laub noch Nadeln?<\/p>\n<p><a class=\"accordion-toggle collapsed\" data-toggle=\"collapse\" data-parent=\"#accordion-thinkupshortcodesaccordion265\" href=\"#thinkupshortcodesaccordion265-0\">ANTWORT<\/a>DER MASTBAUM<\/p>\n<p>\u00a0<\/p>\n<p>Welche Uhr zeigt nur die heiteren Stunden?<\/p>\n<p><a class=\"accordion-toggle collapsed\" data-toggle=\"collapse\" data-parent=\"#accordion-thinkupshortcodesaccordion266\" href=\"#thinkupshortcodesaccordion266-0\">ANTWORT<\/a>DIE SONNENUHR<\/p>\n<p>\u00a0<\/p>\n<p>Welche W\u00fcrste essen W\u00fcrste?<\/p>\n<p><a class=\"accordion-toggle collapsed\" data-toggle=\"collapse\" data-parent=\"#accordion-thinkupshortcodesaccordion267\" href=\"#thinkupshortcodesaccordion267-0\">ANTWORT<\/a>DIE HANSW\u00dcRSTE<\/p>\n<p>&nbsp;<\/p>\n","protected":false},"excerpt":{"rendered":"<p>&nbsp; Wer rief die Kinder wohl hereinins H\u00e4uslein kleinaus Kuchen fein? ANTWORTDIE HEXE \u00a0 Im Lenz erquick&#8216; ich dich,im Sommer k\u00fchl&#8216; ich dich,Im Herbst ern\u00e4hr&#8216; ich dich,im Winter w\u00e4rm&#8216; ich dich. ANTWORTDER BAUM \u00a0 Wer mich bei\u00dft, den bei\u00df ich wieder,mach ihm nass die Augenlieder. ANTWORTDIE ZWIEBEL \u00a0 Wer es macht, der braucht es nicht,wer [&hellip;]<\/p>\n","protected":false},"author":1,"featured_media":0,"parent":0,"menu_order":0,"comment_status":"open","ping_status":"open","template":"","meta":[],"categories":[],"tags":[],"_links":{"self":[{"href":"http:\/\/www.derfaulepoet.de\/index.php?rest_route=\/wp\/v2\/pages\/1970"}],"collection":[{"href":"http:\/\/www.derfaulepoet.de\/index.php?rest_route=\/wp\/v2\/pages"}],"about":[{"href":"http:\/\/www.derfaulepoet.de\/index.php?rest_route=\/wp\/v2\/types\/page"}],"author":[{"embeddable":true,"href":"http:\/\/www.derfaulepoet.de\/index.php?rest_route=\/wp\/v2\/users\/1"}],"replies":[{"embeddable":true,"href":"http:\/\/www.derfaulepoet.de\/index.php?rest_route=%2Fwp%2Fv2%2Fcomments&post=1970"}],"version-history":[{"count":2,"href":"http:\/\/www.derfaulepoet.de\/index.php?rest_route=\/wp\/v2\/pages\/1970\/revisions"}],"predecessor-version":[{"id":1974,"href":"http:\/\/www.derfaulepoet.de\/index.php?rest_route=\/wp\/v2\/pages\/1970\/revisions\/1974"}],"wp:attachment":[{"href":"http:\/\/www.derfaulepoet.de\/index.php?rest_route=%2Fwp%2Fv2%2Fmedia&parent=1970"}],"wp:term":[{"taxonomy":"category","embeddable":true,"href":"http:\/\/www.derfaulepoet.de\/index.php?rest_route=%2Fwp%2Fv2%2Fcategories&post=1970"},{"taxonomy":"post_tag","embeddable":true,"href":"http:\/\/www.derfaulepoet.de\/index.php?rest_route=%2Fwp%2Fv2%2Ftags&post=1970"}],"curies":[{"name":"wp","href":"https:\/\/api.w.org\/{rel}","templated":true}]}}