{"id":1945,"date":"2015-05-09T16:24:52","date_gmt":"2015-05-09T14:24:52","guid":{"rendered":"http:\/\/www.derfaulepoet.de\/?page_id=1945"},"modified":"2015-05-09T16:24:53","modified_gmt":"2015-05-09T14:24:53","slug":"theodora-knauthe","status":"publish","type":"page","link":"http:\/\/www.derfaulepoet.de\/?page_id=1945","title":{"rendered":"THEODORA KNAUTHE"},"content":{"rendered":"<p>&nbsp;<\/p>\n<p>(Aus Auerbachs Deutscher Kinder-Kalender, verschiedene Jahrg\u00e4nge 1927 bis 1934)Dreisilbige ScharadeLustig flattern Kittel \u2013 Hosen \u2013Von den Kleinen und den Gro\u00dfenAuf den ersten beiden!Wenn zwei sich nicht verstehenUnd gern aus dem Wege gehenWird die dritte scheiden!Liegt im blendend frischem GlanzeAuf der Mutter Tisch das Ganze,Pflegt sie zuzuschneiden, -Es entstehen Kittel, &#8211; Hosen \u2013Um die Kleinen und die Gro\u00dfenWieder neu zu kleiden!<\/p>\n<p><a class=\"accordion-toggle collapsed\" data-toggle=\"collapse\" data-parent=\"#accordion-thinkupshortcodesaccordion24\" href=\"#thinkupshortcodesaccordion24-0\">ANTWORT<\/a>LEINEWAND<\/p>\n<p>\u00a0<\/p>\n<p>\u00a0<\/p>\n<p>LogogriphMit 1 voran, wirkt alles viel, viel \u00e4lter,Als f\u00fcr gew\u00f6hnlich man mit alt benennt,Die 2 \u2013 wird es im Herbst pl\u00f6tzlich k\u00e4lter,In leuchtend buntem Farbenglanze brennt!Im ganzen Worte kann man sich erholen, Und tut, was einem grade Meist wandert man auf leichtbeschwingten Sohlen, Und freut sich an der sch\u00f6nen Gotteswelt.<\/p>\n<p><a class=\"accordion-toggle collapsed\" data-toggle=\"collapse\" data-parent=\"#accordion-thinkupshortcodesaccordion25\" href=\"#thinkupshortcodesaccordion25-0\">ANTWORT<\/a>UR &#8211; LAUB<\/p>\n<p>\u00a0<\/p>\n<p>Mit \u201eM\u201c l\u00e4sst es sich leicht erh\u00f6hen,Doch geht es nicht so leicht zur\u00fcck!Bei \u201eN\u201c ist leider nichts zu sehen,Und keine Hoffnung mehr auf Gl\u00fcck.<\/p>\n<p><a class=\"accordion-toggle collapsed\" data-toggle=\"collapse\" data-parent=\"#accordion-thinkupshortcodesaccordion26\" href=\"#thinkupshortcodesaccordion26-0\">ANTWORT<\/a>MIETE | NIETE<\/p>\n<p>\u00a0<\/p>\n<p>Die erste braucht man, um sich zu bewegen, Die zweit\u2019 und dritte sammelt man im Fa\u00df. Beim Ganzen pflegt man gern Rei\u00dfaus zu nehmen, Und tut man\u2019s nicht, so wird man pudelna\u00df!<\/p>\n<p><a class=\"accordion-toggle collapsed\" data-toggle=\"collapse\" data-parent=\"#accordion-thinkupshortcodesaccordion27\" href=\"#thinkupshortcodesaccordion27-0\">ANTWORT<\/a>PLATZREGEN<\/p>\n<p>&nbsp;<\/p>\n","protected":false},"excerpt":{"rendered":"<p>&nbsp; (Aus Auerbachs Deutscher Kinder-Kalender, verschiedene Jahrg\u00e4nge 1927 bis 1934)Dreisilbige ScharadeLustig flattern Kittel \u2013 Hosen \u2013Von den Kleinen und den Gro\u00dfenAuf den ersten beiden!Wenn zwei sich nicht verstehenUnd gern aus dem Wege gehenWird die dritte scheiden!Liegt im blendend frischem GlanzeAuf der Mutter Tisch das Ganze,Pflegt sie zuzuschneiden, -Es entstehen Kittel, &#8211; Hosen \u2013Um die Kleinen [&hellip;]<\/p>\n","protected":false},"author":1,"featured_media":0,"parent":0,"menu_order":0,"comment_status":"open","ping_status":"open","template":"","meta":[],"categories":[],"tags":[],"_links":{"self":[{"href":"http:\/\/www.derfaulepoet.de\/index.php?rest_route=\/wp\/v2\/pages\/1945"}],"collection":[{"href":"http:\/\/www.derfaulepoet.de\/index.php?rest_route=\/wp\/v2\/pages"}],"about":[{"href":"http:\/\/www.derfaulepoet.de\/index.php?rest_route=\/wp\/v2\/types\/page"}],"author":[{"embeddable":true,"href":"http:\/\/www.derfaulepoet.de\/index.php?rest_route=\/wp\/v2\/users\/1"}],"replies":[{"embeddable":true,"href":"http:\/\/www.derfaulepoet.de\/index.php?rest_route=%2Fwp%2Fv2%2Fcomments&post=1945"}],"version-history":[{"count":1,"href":"http:\/\/www.derfaulepoet.de\/index.php?rest_route=\/wp\/v2\/pages\/1945\/revisions"}],"predecessor-version":[{"id":1946,"href":"http:\/\/www.derfaulepoet.de\/index.php?rest_route=\/wp\/v2\/pages\/1945\/revisions\/1946"}],"wp:attachment":[{"href":"http:\/\/www.derfaulepoet.de\/index.php?rest_route=%2Fwp%2Fv2%2Fmedia&parent=1945"}],"wp:term":[{"taxonomy":"category","embeddable":true,"href":"http:\/\/www.derfaulepoet.de\/index.php?rest_route=%2Fwp%2Fv2%2Fcategories&post=1945"},{"taxonomy":"post_tag","embeddable":true,"href":"http:\/\/www.derfaulepoet.de\/index.php?rest_route=%2Fwp%2Fv2%2Ftags&post=1945"}],"curies":[{"name":"wp","href":"https:\/\/api.w.org\/{rel}","templated":true}]}}