{"id":1925,"date":"2015-05-09T12:16:14","date_gmt":"2015-05-09T10:16:14","guid":{"rendered":"http:\/\/www.derfaulepoet.de\/?page_id=1925"},"modified":"2015-05-13T14:42:34","modified_gmt":"2015-05-13T12:42:34","slug":"buchstabensuchraetsel","status":"publish","type":"page","link":"http:\/\/www.derfaulepoet.de\/?page_id=1925","title":{"rendered":"BUCHSTABENSUCHR\u00c4TSEL"},"content":{"rendered":"<p>&nbsp;<\/p>\n<p>Eine R\u00e4tselform, wenn auch in sich beschr\u00e4nkt, ist das Buchstabensuchr\u00e4tsel, denn allzuviele Worte, die durch einzelne Buchstaben entstehen k\u00f6nnen, gibt es in unserer Sprache nicht.<\/p>\n<p>Beispiel: Welche Buchstaben flie\u00dfen durch die BRD?<\/p>\n<p>Gesucht werden die Buchstaben <em>L<\/em> und <em>B<\/em>, so da\u00df <em>Elbe<\/em> als Wort entsteht.<\/p>\n<p>&nbsp;&nbsp;&nbsp;&nbsp;<\/p>\n<p>Welche Buchstaben schwimmen gern?\u00a0<\/p>\n<p><a class=\"accordion-toggle collapsed\" data-toggle=\"collapse\" data-parent=\"#accordion-thinkupshortcodesaccordion29\" href=\"#thinkupshortcodesaccordion29-0\">ANTWORT<\/a>N + T = ENTE<\/p>\n<p>\u00a0<\/p>\n<p>Welche Buchstaben bewegen sich um die Sonne?<\/p>\n<p><a class=\"accordion-toggle collapsed\" data-toggle=\"collapse\" data-parent=\"#accordion-thinkupshortcodesaccordion210\" href=\"#thinkupshortcodesaccordion210-0\">ANTWORT<\/a>R + D = ERDE<\/p>\n<p>\u00a0<\/p>\n<p>Welche Buchstaben s\u00e4ttigen jeden Magen?<\/p>\n<p><a class=\"accordion-toggle collapsed\" data-toggle=\"collapse\" data-parent=\"#accordion-thinkupshortcodesaccordion211\" href=\"#thinkupshortcodesaccordion211-0\">ANTWORT<\/a>S + N = ESSEN<\/p>\n<p>\u00a0<\/p>\n<p>Welche Buchstaben helfen beim Aufschreiben?<\/p>\n<p><a class=\"accordion-toggle collapsed\" data-toggle=\"collapse\" data-parent=\"#accordion-thinkupshortcodesaccordion212\" href=\"#thinkupshortcodesaccordion212-0\">ANTWORT<\/a>Z + L = ZETTEL<\/p>\n<p>\u00a0<\/p>\n<p>Welchen Buchstaben ziehen einen Schlussstrich?<\/p>\n<p><a class=\"accordion-toggle collapsed\" data-toggle=\"collapse\" data-parent=\"#accordion-thinkupshortcodesaccordion213\" href=\"#thinkupshortcodesaccordion213-0\">ANTWORT<\/a>N + D = ENDE<\/p>\n<p>\u00a0<\/p>\n<p>Welche Buchstaben tr\u00e4gst du rechts und links am K\u00f6rper mit dir herum?<\/p>\n<p><a class=\"accordion-toggle collapsed\" data-toggle=\"collapse\" data-parent=\"#accordion-thinkupshortcodesaccordion214\" href=\"#thinkupshortcodesaccordion214-0\">ANTWORT<\/a>L + E = ELLE<\/p>\n<p>\u00a0<\/p>\n<p>Welcher Buchstabe schickt dich weg?<\/p>\n<p><a class=\"accordion-toggle collapsed\" data-toggle=\"collapse\" data-parent=\"#accordion-thinkupshortcodesaccordion215\" href=\"#thinkupshortcodesaccordion215-0\">ANTWORT<\/a>G = GEH<\/p>\n<p>\u00a0<\/p>\n<p>Welcher Buchstabe bezeichnet ein Getr\u00e4nk?<\/p>\n<p><a class=\"accordion-toggle collapsed\" data-toggle=\"collapse\" data-parent=\"#accordion-thinkupshortcodesaccordion216\" href=\"#thinkupshortcodesaccordion216-0\">ANTWORT<\/a>T = TEE<\/p>\n<p>\u00a0<\/p>\n<p>Welcher Buchstabe dr\u00fcckt Schmerz aus?<\/p>\n<p><a class=\"accordion-toggle collapsed\" data-toggle=\"collapse\" data-parent=\"#accordion-thinkupshortcodesaccordion217\" href=\"#thinkupshortcodesaccordion217-0\">ANTWORT<\/a>W = WEH<\/p>\n<p>&nbsp;<\/p>\n","protected":false},"excerpt":{"rendered":"<p>&nbsp; Eine R\u00e4tselform, wenn auch in sich beschr\u00e4nkt, ist das Buchstabensuchr\u00e4tsel, denn allzuviele Worte, die durch einzelne Buchstaben entstehen k\u00f6nnen, gibt es in unserer Sprache nicht. Beispiel: Welche Buchstaben flie\u00dfen durch die BRD? Gesucht werden die Buchstaben L und B, so da\u00df Elbe als Wort entsteht. &nbsp;&nbsp;&nbsp;&nbsp; Welche Buchstaben schwimmen gern?\u00a0 ANTWORTN + T = [&hellip;]<\/p>\n","protected":false},"author":1,"featured_media":0,"parent":0,"menu_order":0,"comment_status":"open","ping_status":"open","template":"","meta":[],"categories":[],"tags":[],"_links":{"self":[{"href":"http:\/\/www.derfaulepoet.de\/index.php?rest_route=\/wp\/v2\/pages\/1925"}],"collection":[{"href":"http:\/\/www.derfaulepoet.de\/index.php?rest_route=\/wp\/v2\/pages"}],"about":[{"href":"http:\/\/www.derfaulepoet.de\/index.php?rest_route=\/wp\/v2\/types\/page"}],"author":[{"embeddable":true,"href":"http:\/\/www.derfaulepoet.de\/index.php?rest_route=\/wp\/v2\/users\/1"}],"replies":[{"embeddable":true,"href":"http:\/\/www.derfaulepoet.de\/index.php?rest_route=%2Fwp%2Fv2%2Fcomments&post=1925"}],"version-history":[{"count":1,"href":"http:\/\/www.derfaulepoet.de\/index.php?rest_route=\/wp\/v2\/pages\/1925\/revisions"}],"predecessor-version":[{"id":1926,"href":"http:\/\/www.derfaulepoet.de\/index.php?rest_route=\/wp\/v2\/pages\/1925\/revisions\/1926"}],"wp:attachment":[{"href":"http:\/\/www.derfaulepoet.de\/index.php?rest_route=%2Fwp%2Fv2%2Fmedia&parent=1925"}],"wp:term":[{"taxonomy":"category","embeddable":true,"href":"http:\/\/www.derfaulepoet.de\/index.php?rest_route=%2Fwp%2Fv2%2Fcategories&post=1925"},{"taxonomy":"post_tag","embeddable":true,"href":"http:\/\/www.derfaulepoet.de\/index.php?rest_route=%2Fwp%2Fv2%2Ftags&post=1925"}],"curies":[{"name":"wp","href":"https:\/\/api.w.org\/{rel}","templated":true}]}}