{"id":1912,"date":"2015-05-09T11:33:19","date_gmt":"2015-05-09T09:33:19","guid":{"rendered":"http:\/\/www.derfaulepoet.de\/?page_id=1912"},"modified":"2015-05-12T20:01:06","modified_gmt":"2015-05-12T18:01:06","slug":"friedrich-guell","status":"publish","type":"page","link":"http:\/\/www.derfaulepoet.de\/?page_id=1912","title":{"rendered":"FRIEDRICH G\u00dcLL"},"content":{"rendered":"<p>&nbsp;<\/p>\n<p>Friedrich G\u00fcllR\u00e4tsel aus einem Schulbuch Anno 1934Hirt: Deutsches Lesebuch, 14. Auflage 1934 &#8211; Breslau.<\/p>\n<p>&nbsp;&nbsp;&nbsp;&nbsp;<\/p>\n<p>Im H\u00e4uslein mit f\u00fcnf St\u00fcbchen,da wohnen braune B\u00fcbchen.Nicht T\u00fcr noch Tor f\u00fchrt ein und aus,wer sie besucht, verzehrt das Haus.<\/p>\n<p><a class=\"accordion-toggle collapsed\" data-toggle=\"collapse\" data-parent=\"#accordion-thinkupshortcodesaccordion219\" href=\"#thinkupshortcodesaccordion219-0\">ANTWORT<\/a>APFEL<\/p>\n<p>\u00a0<\/p>\n<p>Es sitzen zweiunddrei\u00dfig Gesellchen in einem kleinen St\u00e4llchen, sind lustig und munter,gehen rauf und runter,und ein rot M\u00e4dchen dabei,so sitzen sie sch\u00f6n in der Reih&#8216;.<\/p>\n<p><a class=\"accordion-toggle collapsed\" data-toggle=\"collapse\" data-parent=\"#accordion-thinkupshortcodesaccordion220\" href=\"#thinkupshortcodesaccordion220-0\">ANTWORT<\/a>Z\u00c4HNE | ZUNGE<\/p>\n<p>\u00a0<\/p>\n<p>Wie hei\u00dft das Ding dort an der Wand?.Es schl\u00e4gt und hat doch keine Hand,es h\u00e4ngt und geht doch fort und fort,es geht und kommt doch nicht vom Ort.<\/p>\n<p><a class=\"accordion-toggle collapsed\" data-toggle=\"collapse\" data-parent=\"#accordion-thinkupshortcodesaccordion221\" href=\"#thinkupshortcodesaccordion221-0\">ANTWORT<\/a>UHR<\/p>\n<p>\u00a0<\/p>\n<p>Es ist gemacht aus Holz und Glas,das Licht scheint durch.\u00a0\u00a0 Was ist denn das?<\/p>\n<p><a class=\"accordion-toggle collapsed\" data-toggle=\"collapse\" data-parent=\"#accordion-thinkupshortcodesaccordion222\" href=\"#thinkupshortcodesaccordion222-0\">ANTWORT<\/a>FENSTER<\/p>\n<p>\u00a0<\/p>\n<p>Mit zwei Strichen ist&#8217;s gemacht,auf Kirchen ist es angebracht.<\/p>\n<p><a class=\"accordion-toggle collapsed\" data-toggle=\"collapse\" data-parent=\"#accordion-thinkupshortcodesaccordion223\" href=\"#thinkupshortcodesaccordion223-0\">ANTWORT<\/a>KREUZ<\/p>\n<p>\u00a0<\/p>\n<p>Kohlpechrabenschwarze Haut und lauter Eisenbeine,bei Regen ist es wie ein Pilz, ein Stab bei Sonnenscheine.<\/p>\n<p><a class=\"accordion-toggle collapsed\" data-toggle=\"collapse\" data-parent=\"#accordion-thinkupshortcodesaccordion224\" href=\"#thinkupshortcodesaccordion224-0\">ANTWORT<\/a>SCHIRM<\/p>\n<p>\u00a0<\/p>\n<p>Es schl\u00fcpft wohl einer f\u00fcr und f\u00fcrdurch eine winzig kleine T\u00fcr;dort dreht er seinen starken Bart,und alles ist dann wohl verwahrt.<\/p>\n<p><a class=\"accordion-toggle collapsed\" data-toggle=\"collapse\" data-parent=\"#accordion-thinkupshortcodesaccordion225\" href=\"#thinkupshortcodesaccordion225-0\">ANTWORT<\/a>SCHL\u00dcSSEL<\/p>\n<p>\u00a0<\/p>\n<p>F\u00fcnf G\u00e4sten wurden f\u00fcnf Eier aufgetragen;jeder sollte ein Ei haben, und dochsollte noch eins in der Sch\u00fcssel bleiben.Wie machten sie das?<\/p>\n<p><a class=\"accordion-toggle collapsed\" data-toggle=\"collapse\" data-parent=\"#accordion-thinkupshortcodesaccordion226\" href=\"#thinkupshortcodesaccordion226-0\">ANTWORT<\/a>Der Letzte lie\u00df es in der Sch\u00fcssel.<\/p>\n<p>\u00a0<\/p>\n<p>Ein Tal voll und ein Land voll,und am End&#8216; ist&#8217;s keine Hand voll.<\/p>\n<p><a class=\"accordion-toggle collapsed\" data-toggle=\"collapse\" data-parent=\"#accordion-thinkupshortcodesaccordion227\" href=\"#thinkupshortcodesaccordion227-0\">ANTWORT<\/a>NEBEL<\/p>\n<p>\u00a0<\/p>\n<p>Ein Vorhang aus Luft und Duft gewoben,und wie der Wind geschwind zerstoben.Was ist es?\u00a0\u00a0 Ihr wisst es !<\/p>\n<p><a class=\"accordion-toggle collapsed\" data-toggle=\"collapse\" data-parent=\"#accordion-thinkupshortcodesaccordion228\" href=\"#thinkupshortcodesaccordion228-0\">ANTWORT<\/a>NEBEL<\/p>\n<p>\u00a0<\/p>\n<p>Ich wei\u00df ein Dingwie&#8217;n Pfifferling,kann gehn, kann stehn,kann auf dem Kopf nach Hause gehen.<\/p>\n<p><a class=\"accordion-toggle collapsed\" data-toggle=\"collapse\" data-parent=\"#accordion-thinkupshortcodesaccordion229\" href=\"#thinkupshortcodesaccordion229-0\">ANTWORT<\/a>SCHUHNAGEL<\/p>\n<p>\u00a0<\/p>\n<p>Ich wandle mit dir Tag und Nachtim Sonnen- und im Mondenschein.Auf leisen Sohlen schleich&#8216; ich sachtbald vor dir her, bald hinterdrein,hinab das Tal, hinan den Berg,bald wie ein Ries&#8216;, bald wie ein Zwerg.<\/p>\n<p><a class=\"accordion-toggle collapsed\" data-toggle=\"collapse\" data-parent=\"#accordion-thinkupshortcodesaccordion230\" href=\"#thinkupshortcodesaccordion230-0\">ANTWORT<\/a>SCHATTEN<\/p>\n<p>\u00a0<\/p>\n<p>Sitzt einer auf dem Dache und raucht,der weder Pfeife noch Tabak braucht.<\/p>\n<p><a class=\"accordion-toggle collapsed\" data-toggle=\"collapse\" data-parent=\"#accordion-thinkupshortcodesaccordion231\" href=\"#thinkupshortcodesaccordion231-0\">ANTWORT<\/a>SCHORNSTEIN<\/p>\n<p>\u00a0<\/p>\n<p>Kein Anfang und kein Ende,doch schm\u00fcckt es dir die H\u00e4nde.<\/p>\n<p><a class=\"accordion-toggle collapsed\" data-toggle=\"collapse\" data-parent=\"#accordion-thinkupshortcodesaccordion232\" href=\"#thinkupshortcodesaccordion232-0\">ANTWORT<\/a>RING<\/p>\n<p>\u00a0<\/p>\n<p>In der Luft, da fliegt es,auf der Erde, da liegt es,auf dem Baume, da sitzt es,in der Hand, da schwitzt es,auf dem Ofen zerl\u00e4uft es.Wer gescheit ist, begreift es.<\/p>\n<p><a class=\"accordion-toggle collapsed\" data-toggle=\"collapse\" data-parent=\"#accordion-thinkupshortcodesaccordion233\" href=\"#thinkupshortcodesaccordion233-0\">ANTWORT<\/a>SCHNEE<\/p>\n<p>\u00a0<\/p>\n<p>Sie bleibt das ganze Jahr zu Hausund geht doch alle Tage aus.<\/p>\n<p><a class=\"accordion-toggle collapsed\" data-toggle=\"collapse\" data-parent=\"#accordion-thinkupshortcodesaccordion234\" href=\"#thinkupshortcodesaccordion234-0\">ANTWORT<\/a>SCHNECKE<\/p>\n<p>\u00a0<\/p>\n<p>Da geht ein Mann im Grase,hat eine lange Nase,hat rote Stiefel anund dreht sich wie ein Edelmann.<\/p>\n<p><a class=\"accordion-toggle collapsed\" data-toggle=\"collapse\" data-parent=\"#accordion-thinkupshortcodesaccordion235\" href=\"#thinkupshortcodesaccordion235-0\">ANTWORT<\/a>STORCH<\/p>\n<p>\u00a0<\/p>\n<p>Was sah ich, o Jammer!In der Speisekammerlief ein Tierlein grau,flink und schlau,naschte Speck und Wurst,trank dann vor Durstein paar Tr\u00f6pfchenMilch aus dem T\u00f6pfchen.Da springt mit einem Satzeein Tier und schl\u00e4gt mit der Tatzenach dem N\u00e4scher kleinund verspeist das arme &#8211; -.<\/p>\n<p><a class=\"accordion-toggle collapsed\" data-toggle=\"collapse\" data-parent=\"#accordion-thinkupshortcodesaccordion236\" href=\"#thinkupshortcodesaccordion236-0\">ANTWORT<\/a>MAUS | KATZE<\/p>\n<p>\u00a0<\/p>\n<p>Ich h\u00fcpf hervor aus flinker Handvon einer Wand zur andern Wandund spring&#8216; bis an die Decke.Doch h\u00fcpf und spring&#8216; ich noch so toll,gleich lieg&#8216; ich wieder, wenn ich soll,ganz ruhig in der Ecke.<\/p>\n<p><a class=\"accordion-toggle collapsed\" data-toggle=\"collapse\" data-parent=\"#accordion-thinkupshortcodesaccordion237\" href=\"#thinkupshortcodesaccordion237-0\">ANTWORT<\/a>BALL<\/p>\n<p>&nbsp;<\/p>\n","protected":false},"excerpt":{"rendered":"<p>&nbsp; Friedrich G\u00fcllR\u00e4tsel aus einem Schulbuch Anno 1934Hirt: Deutsches Lesebuch, 14. Auflage 1934 &#8211; Breslau. &nbsp;&nbsp;&nbsp;&nbsp; Im H\u00e4uslein mit f\u00fcnf St\u00fcbchen,da wohnen braune B\u00fcbchen.Nicht T\u00fcr noch Tor f\u00fchrt ein und aus,wer sie besucht, verzehrt das Haus. ANTWORTAPFEL \u00a0 Es sitzen zweiunddrei\u00dfig Gesellchen in einem kleinen St\u00e4llchen, sind lustig und munter,gehen rauf und runter,und ein rot [&hellip;]<\/p>\n","protected":false},"author":1,"featured_media":0,"parent":0,"menu_order":0,"comment_status":"open","ping_status":"open","template":"","meta":[],"categories":[],"tags":[],"_links":{"self":[{"href":"http:\/\/www.derfaulepoet.de\/index.php?rest_route=\/wp\/v2\/pages\/1912"}],"collection":[{"href":"http:\/\/www.derfaulepoet.de\/index.php?rest_route=\/wp\/v2\/pages"}],"about":[{"href":"http:\/\/www.derfaulepoet.de\/index.php?rest_route=\/wp\/v2\/types\/page"}],"author":[{"embeddable":true,"href":"http:\/\/www.derfaulepoet.de\/index.php?rest_route=\/wp\/v2\/users\/1"}],"replies":[{"embeddable":true,"href":"http:\/\/www.derfaulepoet.de\/index.php?rest_route=%2Fwp%2Fv2%2Fcomments&post=1912"}],"version-history":[{"count":1,"href":"http:\/\/www.derfaulepoet.de\/index.php?rest_route=\/wp\/v2\/pages\/1912\/revisions"}],"predecessor-version":[{"id":1913,"href":"http:\/\/www.derfaulepoet.de\/index.php?rest_route=\/wp\/v2\/pages\/1912\/revisions\/1913"}],"wp:attachment":[{"href":"http:\/\/www.derfaulepoet.de\/index.php?rest_route=%2Fwp%2Fv2%2Fmedia&parent=1912"}],"wp:term":[{"taxonomy":"category","embeddable":true,"href":"http:\/\/www.derfaulepoet.de\/index.php?rest_route=%2Fwp%2Fv2%2Fcategories&post=1912"},{"taxonomy":"post_tag","embeddable":true,"href":"http:\/\/www.derfaulepoet.de\/index.php?rest_route=%2Fwp%2Fv2%2Ftags&post=1912"}],"curies":[{"name":"wp","href":"https:\/\/api.w.org\/{rel}","templated":true}]}}