{"id":1895,"date":"2015-05-08T20:08:14","date_gmt":"2015-05-08T18:08:14","guid":{"rendered":"http:\/\/www.derfaulepoet.de\/?page_id=1895"},"modified":"2015-05-08T20:08:17","modified_gmt":"2015-05-08T18:08:17","slug":"bilderraetsel","status":"publish","type":"page","link":"http:\/\/www.derfaulepoet.de\/?page_id=1895","title":{"rendered":"BILDERR\u00c4TSEL"},"content":{"rendered":"<p>&nbsp;<\/p>\n<h3>Karl-Heinz Appelmann<\/h3>\n<p>1939 in Swinem\u00fcnde geb. Grafikstudium an der Kunsthochschule Berlin-Wei\u00dfensee, seither freiberuflich. Mehr als 100 Bilder- und Kinderb\u00fccher sind von ihm illustriert worden. Daneben schuf er Plakate, Cartoons, Buchumschl\u00e4ge.<\/p>\n<p>Seine Ausstellungen gingen durch Europa und Asien, 1977 erhielt er den begehrten &#8222;Goldenen Apfel&#8220; auf der Bienale in Bratislava (BIB). &#8222;Jana und der kleine Stern&#8220; war sein erstes Bilderbuch.<\/p>\n<p>Die Bildr\u00e4tsel erschienen 1984 im Altberliner Verlag unter dem Titel &#8222;Die Ameise&#8220;.<\/p>\n<p style=\"text-align: center\"><a title=\"Die Ameise\" href=\"http:\/\/www.derfaulepoet.de\/Bilder\/appelmann_die_ameise_800.jpg\"><img loading=\"lazy\" class=\"aligncenter\" title=\"Die Ameise\" src=\"http:\/\/www.derfaulepoet.de\/Bilder\/appelmann_die_ameise.jpg\" alt=\"Buch\" width=\"300\" height=\"421\" \/><\/a><\/p>\n<p>&nbsp;&nbsp;&nbsp;&nbsp;<\/p>\n<p><img loading=\"lazy\" class=\" aligncenter\" title=\"Die sache mit dem A\" src=\"http:\/\/www.derfaulepoet.de\/Bilder\/appelmann_0001.jpg\" alt=\"\" width=\"425\" height=\"599\" \/><\/p>\n<p style=\"text-align: center\"><a class=\"accordion-toggle collapsed\" data-toggle=\"collapse\" data-parent=\"#accordion-thinkupshortcodesaccordion21\" href=\"#thinkupshortcodesaccordion21-0\">ANTWORT<\/a>A + HORN = AHORN<\/p>\n<p>&nbsp;&nbsp;&nbsp;&nbsp;<\/p>\n<p><img loading=\"lazy\" class=\" aligncenter\" title=\"Noch ein B\" src=\"http:\/\/www.derfaulepoet.de\/Bilder\/appelmann_0003.jpg\" alt=\"Bilderr\u00e4tsel\" width=\"440\" height=\"591\" \/><\/p>\n<p style=\"text-align: center\"><a class=\"accordion-toggle collapsed\" data-toggle=\"collapse\" data-parent=\"#accordion-thinkupshortcodesaccordion23\" href=\"#thinkupshortcodesaccordion23-0\">ANTWORT<\/a>B + RUDER = BRUDER | B + RILLE = BRILLE<\/p>\n<p>&nbsp;&nbsp;&nbsp;&nbsp;<\/p>\n<p><img loading=\"lazy\" class=\" aligncenter\" title=\"Die Sache mit dem B\" src=\"http:\/\/www.derfaulepoet.de\/Bilder\/appelmann_0002.jpg\" alt=\"Bilderr\u00e4tsel\" width=\"414\" height=\"589\" \/><\/p>\n<p style=\"text-align: center\"><a class=\"accordion-toggle collapsed\" data-toggle=\"collapse\" data-parent=\"#accordion-thinkupshortcodesaccordion25\" href=\"#thinkupshortcodesaccordion25-0\">ANTWORT<\/a>B + ENGEL = BENGEL<\/p>\n<p>&nbsp;&nbsp;&nbsp;&nbsp;<\/p>\n<p><img loading=\"lazy\" class=\" aligncenter\" title=\"Die Sache mit dem C\" src=\"http:\/\/www.derfaulepoet.de\/Bilder\/appelmann_0004.jpg\" alt=\"Bilderr\u00e4tsel\" width=\"420\" height=\"591\" \/><\/p>\n<p style=\"text-align: center\"><a class=\"accordion-toggle collapsed\" data-toggle=\"collapse\" data-parent=\"#accordion-thinkupshortcodesaccordion27\" href=\"#thinkupshortcodesaccordion27-0\">ANTWORT<\/a>C + HOSE = CHOSE<\/p>\n<p>&nbsp;<\/p>\n","protected":false},"excerpt":{"rendered":"<p>&nbsp; Karl-Heinz Appelmann 1939 in Swinem\u00fcnde geb. Grafikstudium an der Kunsthochschule Berlin-Wei\u00dfensee, seither freiberuflich. Mehr als 100 Bilder- und Kinderb\u00fccher sind von ihm illustriert worden. Daneben schuf er Plakate, Cartoons, Buchumschl\u00e4ge. Seine Ausstellungen gingen durch Europa und Asien, 1977 erhielt er den begehrten &#8222;Goldenen Apfel&#8220; auf der Bienale in Bratislava (BIB). &#8222;Jana und der kleine [&hellip;]<\/p>\n","protected":false},"author":1,"featured_media":0,"parent":0,"menu_order":0,"comment_status":"open","ping_status":"open","template":"","meta":[],"categories":[],"tags":[],"_links":{"self":[{"href":"http:\/\/www.derfaulepoet.de\/index.php?rest_route=\/wp\/v2\/pages\/1895"}],"collection":[{"href":"http:\/\/www.derfaulepoet.de\/index.php?rest_route=\/wp\/v2\/pages"}],"about":[{"href":"http:\/\/www.derfaulepoet.de\/index.php?rest_route=\/wp\/v2\/types\/page"}],"author":[{"embeddable":true,"href":"http:\/\/www.derfaulepoet.de\/index.php?rest_route=\/wp\/v2\/users\/1"}],"replies":[{"embeddable":true,"href":"http:\/\/www.derfaulepoet.de\/index.php?rest_route=%2Fwp%2Fv2%2Fcomments&post=1895"}],"version-history":[{"count":1,"href":"http:\/\/www.derfaulepoet.de\/index.php?rest_route=\/wp\/v2\/pages\/1895\/revisions"}],"predecessor-version":[{"id":1896,"href":"http:\/\/www.derfaulepoet.de\/index.php?rest_route=\/wp\/v2\/pages\/1895\/revisions\/1896"}],"wp:attachment":[{"href":"http:\/\/www.derfaulepoet.de\/index.php?rest_route=%2Fwp%2Fv2%2Fmedia&parent=1895"}],"wp:term":[{"taxonomy":"category","embeddable":true,"href":"http:\/\/www.derfaulepoet.de\/index.php?rest_route=%2Fwp%2Fv2%2Fcategories&post=1895"},{"taxonomy":"post_tag","embeddable":true,"href":"http:\/\/www.derfaulepoet.de\/index.php?rest_route=%2Fwp%2Fv2%2Ftags&post=1895"}],"curies":[{"name":"wp","href":"https:\/\/api.w.org\/{rel}","templated":true}]}}