{"id":1891,"date":"2015-05-08T19:21:11","date_gmt":"2015-05-08T17:21:11","guid":{"rendered":"http:\/\/www.derfaulepoet.de\/?page_id=1891"},"modified":"2015-05-12T20:03:30","modified_gmt":"2015-05-12T18:03:30","slug":"karin-heinrich","status":"publish","type":"page","link":"http:\/\/www.derfaulepoet.de\/?page_id=1891","title":{"rendered":"KARIN HEINRICH"},"content":{"rendered":"<p>&nbsp;<\/p>\n<p>\u201eKinder, kommt und ratet\u201cR\u00e4tselsammlung f\u00fcr den Schulhort, Berlin Volk und Wissen 1985.Ein Apfel, so rot und rund!Ein G\u00fcrtel, so leuchtend bunt! -Ein Kamm, so begehrlich!F\u00fcr wen war&#8217;s gef\u00e4hrlich?<\/p>\n<p><a class=\"accordion-toggle collapsed\" data-toggle=\"collapse\" data-parent=\"#accordion-thinkupshortcodesaccordion23\" href=\"#thinkupshortcodesaccordion23-0\">ANTWORT<\/a>f\u00fcr Schneewittchen<\/p>\n<p>\u00a0<\/p>\n<p>Die Brote riefen laut hinaus: \u00bbAch, zieh uns &#8218;raus! Ach, zieh uns &#8218;raus!\u00ab Das M\u00e4dchen fing nur an zu lachen: \u00bbIch will mich doch nicht schmutzig machen!\u00ab Wei\u00dft du, wer so stolz sein kann? Sage schnell den Namen an!<\/p>\n<p><a class=\"accordion-toggle collapsed\" data-toggle=\"collapse\" data-parent=\"#accordion-thinkupshortcodesaccordion24\" href=\"#thinkupshortcodesaccordion24-0\">ANTWORT<\/a>die Faule Marie in Frau Holle<\/p>\n<p>\u00a0<\/p>\n<p>La\u00df dich beraten:Im See mu\u00dft du baden!Wenn Kleider verschwinden,kann niemand sie finden.Bleib ruhig und brav,so wirst du ein Graf!\u00abKennst du den Berater, den&#8230;?<\/p>\n<p><a class=\"accordion-toggle collapsed\" data-toggle=\"collapse\" data-parent=\"#accordion-thinkupshortcodesaccordion25\" href=\"#thinkupshortcodesaccordion25-0\">ANTWORT<\/a>der Gestiefelte Kater<\/p>\n<p>&nbsp;<\/p>\n","protected":false},"excerpt":{"rendered":"<p>&nbsp; \u201eKinder, kommt und ratet\u201cR\u00e4tselsammlung f\u00fcr den Schulhort, Berlin Volk und Wissen 1985.Ein Apfel, so rot und rund!Ein G\u00fcrtel, so leuchtend bunt! -Ein Kamm, so begehrlich!F\u00fcr wen war&#8217;s gef\u00e4hrlich? ANTWORTf\u00fcr Schneewittchen \u00a0 Die Brote riefen laut hinaus: \u00bbAch, zieh uns &#8218;raus! Ach, zieh uns &#8218;raus!\u00ab Das M\u00e4dchen fing nur an zu lachen: \u00bbIch will mich [&hellip;]<\/p>\n","protected":false},"author":1,"featured_media":0,"parent":0,"menu_order":0,"comment_status":"open","ping_status":"open","template":"","meta":[],"categories":[],"tags":[],"_links":{"self":[{"href":"http:\/\/www.derfaulepoet.de\/index.php?rest_route=\/wp\/v2\/pages\/1891"}],"collection":[{"href":"http:\/\/www.derfaulepoet.de\/index.php?rest_route=\/wp\/v2\/pages"}],"about":[{"href":"http:\/\/www.derfaulepoet.de\/index.php?rest_route=\/wp\/v2\/types\/page"}],"author":[{"embeddable":true,"href":"http:\/\/www.derfaulepoet.de\/index.php?rest_route=\/wp\/v2\/users\/1"}],"replies":[{"embeddable":true,"href":"http:\/\/www.derfaulepoet.de\/index.php?rest_route=%2Fwp%2Fv2%2Fcomments&post=1891"}],"version-history":[{"count":2,"href":"http:\/\/www.derfaulepoet.de\/index.php?rest_route=\/wp\/v2\/pages\/1891\/revisions"}],"predecessor-version":[{"id":1998,"href":"http:\/\/www.derfaulepoet.de\/index.php?rest_route=\/wp\/v2\/pages\/1891\/revisions\/1998"}],"wp:attachment":[{"href":"http:\/\/www.derfaulepoet.de\/index.php?rest_route=%2Fwp%2Fv2%2Fmedia&parent=1891"}],"wp:term":[{"taxonomy":"category","embeddable":true,"href":"http:\/\/www.derfaulepoet.de\/index.php?rest_route=%2Fwp%2Fv2%2Fcategories&post=1891"},{"taxonomy":"post_tag","embeddable":true,"href":"http:\/\/www.derfaulepoet.de\/index.php?rest_route=%2Fwp%2Fv2%2Ftags&post=1891"}],"curies":[{"name":"wp","href":"https:\/\/api.w.org\/{rel}","templated":true}]}}