{"id":1884,"date":"2015-05-08T18:56:36","date_gmt":"2015-05-08T16:56:36","guid":{"rendered":"http:\/\/www.derfaulepoet.de\/?page_id=1884"},"modified":"2015-05-08T19:09:37","modified_gmt":"2015-05-08T17:09:37","slug":"guenter-saalmann","status":"publish","type":"page","link":"http:\/\/www.derfaulepoet.de\/?page_id=1884","title":{"rendered":"G\u00dcNTER SAALMANN"},"content":{"rendered":"<p>&nbsp;<\/p>\n<p>Folgende R\u00e4tsel ver\u00f6ffentliche ich mit freundlicher Genehmigung des Autors.Wer mehr \u00fcber ihn erfahren m\u00f6chte, kann das hier:<\/p>\n<p><a href=\"http:\/\/www.guenter-saalmann.de\/index.html\" target=\"_blank\">G\u00fcnter Saalmann<\/a><\/p>\n<p>Wenn sie euch R\u00e4tsel raten lassen, dann m\u00fcsst ihr gut aufpassen!: Das R\u00e4tsel wird geraten, die Brezel wird ge\u2026???<\/p>\n<p><a class=\"accordion-toggle collapsed\" data-toggle=\"collapse\" data-parent=\"#accordion-thinkupshortcodesaccordion28\" href=\"#thinkupshortcodesaccordion28-0\">ANTWORT<\/a>&#8230; gebacken<\/p>\n<p>\u00a0<\/p>\n<p>Der Arme! Hat es doch zu dumm, denn alle trampeln auf ihm rum, und manchmal kriegt er Schl\u00e4ge! Und so was nennt sich Pflege!<\/p>\n<p><a class=\"accordion-toggle collapsed\" data-toggle=\"collapse\" data-parent=\"#accordion-thinkupshortcodesaccordion29\" href=\"#thinkupshortcodesaccordion29-0\">ANTWORT<\/a>der Teppich<\/p>\n<p>\u00a0<\/p>\n<p>Wir, wir sitzen auf dem Po. Er sitzt auf dem Kopf. Oho!<\/p>\n<p><a class=\"accordion-toggle collapsed\" data-toggle=\"collapse\" data-parent=\"#accordion-thinkupshortcodesaccordion210\" href=\"#thinkupshortcodesaccordion210-0\">ANTWORT<\/a>de Hut<\/p>\n<p>\u00a0<\/p>\n<p>Ich wei\u00df ein Rad, fahrt mit! Steigt auf! Kinder fahren gern darauf, `s ist riesengro\u00df und schnelle. Kommt doch nicht von der Stelle.<\/p>\n<p><a class=\"accordion-toggle collapsed\" data-toggle=\"collapse\" data-parent=\"#accordion-thinkupshortcodesaccordion211\" href=\"#thinkupshortcodesaccordion211-0\">ANTWORT<\/a>das Riesenrad<\/p>\n<p>\u00a0<\/p>\n<p>Ich wei\u00df etwas, nun spitzt das Ohr: Er kommt in jedem Haushalt vor. Er ist kein Tier \u2013 sagt, wer er ist, der heulend Schmutz vom Boden frisst?<\/p>\n<p><a class=\"accordion-toggle collapsed\" data-toggle=\"collapse\" data-parent=\"#accordion-thinkupshortcodesaccordion212\" href=\"#thinkupshortcodesaccordion212-0\">ANTWORT<\/a>der Staubsauger<\/p>\n<p>\u00a0<\/p>\n<p>Ein Garten, worin dicht an dicht besondre Pfl\u00e4nzlein bl\u00fchn: Die G\u00e4rtnerin begie\u00dft sie nicht und darf sie nicht verziehn. Da geht ihr t\u00e4glich hin.<\/p>\n<p><a class=\"accordion-toggle collapsed\" data-toggle=\"collapse\" data-parent=\"#accordion-thinkupshortcodesaccordion213\" href=\"#thinkupshortcodesaccordion213-0\">ANTWORT<\/a>der Kindergarten<\/p>\n<p>\u00a0<\/p>\n<p>Vier Beine hat er, stark genug, und tr\u00e4gt auf seinem R\u00fccken das Brot, die Milch, den Kaffeekrug. So kann man dran fr\u00fchst\u00fccken.<\/p>\n<p><a class=\"accordion-toggle collapsed\" data-toggle=\"collapse\" data-parent=\"#accordion-thinkupshortcodesaccordion214\" href=\"#thinkupshortcodesaccordion214-0\">ANTWORT<\/a>der Tisch<\/p>\n<p>\u00a0<\/p>\n<p>Setzt diesen Hut auf, gut und fest, den Regenwetter nicht durchn\u00e4sst, den eine Nadel nicht durchsticht. Doch gegen Regen sch\u00fctzt er nicht.<\/p>\n<p><a class=\"accordion-toggle collapsed\" data-toggle=\"collapse\" data-parent=\"#accordion-thinkupshortcodesaccordion215\" href=\"#thinkupshortcodesaccordion215-0\">ANTWORT<\/a>der Fingerhut<\/p>\n<p>&nbsp;<\/p>\n","protected":false},"excerpt":{"rendered":"<p>&nbsp; Folgende R\u00e4tsel ver\u00f6ffentliche ich mit freundlicher Genehmigung des Autors.Wer mehr \u00fcber ihn erfahren m\u00f6chte, kann das hier: G\u00fcnter Saalmann Wenn sie euch R\u00e4tsel raten lassen, dann m\u00fcsst ihr gut aufpassen!: Das R\u00e4tsel wird geraten, die Brezel wird ge\u2026??? ANTWORT&#8230; gebacken \u00a0 Der Arme! Hat es doch zu dumm, denn alle trampeln auf ihm rum, [&hellip;]<\/p>\n","protected":false},"author":1,"featured_media":0,"parent":0,"menu_order":0,"comment_status":"open","ping_status":"open","template":"","meta":[],"categories":[],"tags":[],"_links":{"self":[{"href":"http:\/\/www.derfaulepoet.de\/index.php?rest_route=\/wp\/v2\/pages\/1884"}],"collection":[{"href":"http:\/\/www.derfaulepoet.de\/index.php?rest_route=\/wp\/v2\/pages"}],"about":[{"href":"http:\/\/www.derfaulepoet.de\/index.php?rest_route=\/wp\/v2\/types\/page"}],"author":[{"embeddable":true,"href":"http:\/\/www.derfaulepoet.de\/index.php?rest_route=\/wp\/v2\/users\/1"}],"replies":[{"embeddable":true,"href":"http:\/\/www.derfaulepoet.de\/index.php?rest_route=%2Fwp%2Fv2%2Fcomments&post=1884"}],"version-history":[{"count":5,"href":"http:\/\/www.derfaulepoet.de\/index.php?rest_route=\/wp\/v2\/pages\/1884\/revisions"}],"predecessor-version":[{"id":1890,"href":"http:\/\/www.derfaulepoet.de\/index.php?rest_route=\/wp\/v2\/pages\/1884\/revisions\/1890"}],"wp:attachment":[{"href":"http:\/\/www.derfaulepoet.de\/index.php?rest_route=%2Fwp%2Fv2%2Fmedia&parent=1884"}],"wp:term":[{"taxonomy":"category","embeddable":true,"href":"http:\/\/www.derfaulepoet.de\/index.php?rest_route=%2Fwp%2Fv2%2Fcategories&post=1884"},{"taxonomy":"post_tag","embeddable":true,"href":"http:\/\/www.derfaulepoet.de\/index.php?rest_route=%2Fwp%2Fv2%2Ftags&post=1884"}],"curies":[{"name":"wp","href":"https:\/\/api.w.org\/{rel}","templated":true}]}}