{"id":1840,"date":"2015-04-27T12:48:04","date_gmt":"2015-04-27T10:48:04","guid":{"rendered":"http:\/\/www.derfaulepoet.de\/?page_id=1840"},"modified":"2015-06-02T11:46:07","modified_gmt":"2015-06-02T09:46:07","slug":"kinderraetsel","status":"publish","type":"page","link":"http:\/\/www.derfaulepoet.de\/?page_id=1840","title":{"rendered":"KINDERR\u00c4TSEL"},"content":{"rendered":"<p>&nbsp;<\/p>\n<p>Hier wird ein schlichtes L\u00f6sungswort gesucht.<\/p>\n<p>&nbsp;&nbsp;&nbsp;&nbsp;Ich bin ein Spielball der Natur,und richte mich nie h\u00e4uslich ein.Ich schwebe durch die ganze Welt;bin selten dort, wo hinbestellt.<a class=\"accordion-toggle collapsed\" data-toggle=\"collapse\" data-parent=\"#accordion-thinkupshortcodesaccordion232\" href=\"#thinkupshortcodesaccordion232-0\">ANTWORT<\/a>Das Wetter\u00a0\u00a0St\u00e4rkt jeden Baum,andere wenig.Die Z\u00e4hne nicht,auch keinen K\u00f6nig.<a class=\"accordion-toggle collapsed\" data-toggle=\"collapse\" data-parent=\"#accordion-thinkupshortcodesaccordion233\" href=\"#thinkupshortcodesaccordion233-0\">ANTWORT<\/a>Die Krone\u00a0\u00a0Unbezahlbar, dieser Schatz,kannst ihn selber nicht z\u00e4hlen.Hat in jedem Kopfe Platz,kein Dieb kann ihn dir stehlen.<a class=\"accordion-toggle collapsed\" data-toggle=\"collapse\" data-parent=\"#accordion-thinkupshortcodesaccordion234\" href=\"#thinkupshortcodesaccordion234-0\">ANTWORT<\/a>WISSEN\u00a0\u00a0Nicht gro\u00df, nicht schwer,kann Feuer spei\u2019n.Wer kann das, wer?Nicht von allein.\u00a0<a class=\"accordion-toggle collapsed\" data-toggle=\"collapse\" data-parent=\"#accordion-thinkupshortcodesaccordion235\" href=\"#thinkupshortcodesaccordion235-0\">ANTWORT<\/a>FEUERZEUG\u00a0\u00a0Fr\u00fch morgens wird das gute St\u00fcck verlassenund abends kehrt ein jeder m\u00fcd\u2018 zu ihm zur\u00fcck.Viele Leute lieben es, nur manche Kinder hassen,wieso nur?, dieses kuschelige M\u00f6belst\u00fcck.<a class=\"accordion-toggle collapsed\" data-toggle=\"collapse\" data-parent=\"#accordion-thinkupshortcodesaccordion236\" href=\"#thinkupshortcodesaccordion236-0\">ANTWORT<\/a>BETT\u00a0\u00a0Die Kuh, das Pferd und auch das Schwein,die produzieren allgemein\u00a0 \u2026?Auch der Mensch, das ist bewiesen,der verzapft des \u00f6ftern diesen\u00a0 \u2026!<a class=\"accordion-toggle collapsed\" data-toggle=\"collapse\" data-parent=\"#accordion-thinkupshortcodesaccordion237\" href=\"#thinkupshortcodesaccordion237-0\">ANTWORT<\/a>MIST\u00a0\u00a0R\u00fccken an R\u00fccken,kann ich sie blicken,d\u00fcnne und dicke,gro\u00dfe und kleine.Wer wei\u00df, was meine?<a class=\"accordion-toggle collapsed\" data-toggle=\"collapse\" data-parent=\"#accordion-thinkupshortcodesaccordion238\" href=\"#thinkupshortcodesaccordion238-0\">ANTWORT<\/a>B\u00dcCHER\u00a0\u00a0Drei Silben mit K\u00e4stchen,in jedem ein Nestchen,f\u00fcr einzelne Zahlen.Bereiten gern \u201eQualen\u201c?<a class=\"accordion-toggle collapsed\" data-toggle=\"collapse\" data-parent=\"#accordion-thinkupshortcodesaccordion239\" href=\"#thinkupshortcodesaccordion239-0\">ANTWORT<\/a>SUDOKU\u00a0\u00a0So leise wie ein Engel,ein Gl\u00f6ckchen das nicht l\u00e4utet,schneewei\u00df auf gr\u00fcnem St\u00e4ngel,den Fr\u00fchling zart andeutet.<a class=\"accordion-toggle collapsed\" data-toggle=\"collapse\" data-parent=\"#accordion-thinkupshortcodesaccordion240\" href=\"#thinkupshortcodesaccordion240-0\">ANTWORT<\/a>SCHNEEGL\u00d6CKCHEN\u00a0\u00a0Diese Rosen ohne Stacheln,sind Rosen ohne gr\u00fcnen Strauch,bl\u00fchen in so manchem Garten,wie unsre Gartenrose auch.<a class=\"accordion-toggle collapsed\" data-toggle=\"collapse\" data-parent=\"#accordion-thinkupshortcodesaccordion241\" href=\"#thinkupshortcodesaccordion241-0\">ANTWORT<\/a>SEEROSEN oder STOCKROSEN\u00a0\u00a0W\u00e4re der, von dem ich spreche,aus dem gemacht, so wie er hei\u00dft.Er w\u00e4r kein Baum, wie viele B\u00e4ume.Der w\u00e4re springend weit gereist.<\/p>\n<p><a class=\"accordion-toggle collapsed\" data-toggle=\"collapse\" data-parent=\"#accordion-thinkupshortcodesaccordion242\" href=\"#thinkupshortcodesaccordion242-0\">ANTWORT<\/a>GUMMIBAUM<\/p>\n<p>\u00a0<\/p>\n<p>Diese Ungeheuerbrennen ohne Feuer.Das im Wasser gar,wer ist so sonderbar?<\/p>\n<p><a class=\"accordion-toggle collapsed\" data-toggle=\"collapse\" data-parent=\"#accordion-thinkupshortcodesaccordion243\" href=\"#thinkupshortcodesaccordion243-0\">ANTWORT<\/a>DIE FEUERQUALLEN<\/p>\n<p>\u00a0<\/p>\n<p>Sie schlucken richtig echt was weg, vom Fr\u00fchst\u00fcckskr\u00fcmel bis zum Dreck. Ab und zu muss man sie leeren, sonst w\u00fcrde sich der Dreck vermehren.<\/p>\n<p><a class=\"accordion-toggle collapsed\" data-toggle=\"collapse\" data-parent=\"#accordion-thinkupshortcodesaccordion244\" href=\"#thinkupshortcodesaccordion244-0\">ANTWORT<\/a>STAUBSAUGER<\/p>\n<p>\u00a0<\/p>\n<p>In der Dunkelheit versteckt, erst durch Licht wird er geweckt. Den kannst du nicht verjagen, auch nicht auf H\u00e4nden tragen.<\/p>\n<p><a class=\"accordion-toggle collapsed\" data-toggle=\"collapse\" data-parent=\"#accordion-thinkupshortcodesaccordion245\" href=\"#thinkupshortcodesaccordion245-0\">ANTWORT<\/a>DER SCHATTEN<\/p>\n<p>\u00a0<\/p>\n<p>Dick ist er am Neujahrsmorgen,Dann nimmt er t\u00e4glich etwas ab.Dieses muss ein Mensch besorgen,Silvester ist er v\u00f6llig schlapp.<\/p>\n<p style=\"text-align: left\"><a class=\"accordion-toggle collapsed\" data-toggle=\"collapse\" data-parent=\"#accordion-thinkupshortcodesaccordion246\" href=\"#thinkupshortcodesaccordion246-0\">ANTWORT<\/a>ABREISSKALENDER<\/p>\n<p style=\"text-align: left\">\u00a0<\/p>\n<p style=\"text-align: left\">Ohne Feuerschafft sie beides nicht:Sie frisst sich aufund spendet Licht.<\/p>\n<p style=\"text-align: left\"><a class=\"accordion-toggle collapsed\" data-toggle=\"collapse\" data-parent=\"#accordion-thinkupshortcodesaccordion247\" href=\"#thinkupshortcodesaccordion247-0\">ANTWORT<\/a>KERZE<\/p>\n<p style=\"text-align: left\">\u00a0<\/p>\n<p style=\"text-align: left\">Wenn die Sonne scheintund du gehst spazieren,wird einer dich begleiten,den kannst du nicht verlieren.Er l\u00e4uft im Kreis um dich herum,wenn Stra\u00dfenlichter brennen,du kannst ihn auch bei Kerzenlicht,doch nie in Dunkelheit erkennen.<\/p>\n<p style=\"text-align: left\"><a class=\"accordion-toggle collapsed\" data-toggle=\"collapse\" data-parent=\"#accordion-thinkupshortcodesaccordion248\" href=\"#thinkupshortcodesaccordion248-0\">ANTWORT<\/a>SCHATTEN<\/p>\n<p style=\"text-align: left\">\u00a0<\/p>\n<p style=\"text-align: left\">Kein Klumpfu\u00df, kein Schweif,Kein Schwefelgestank.Der, von dem ich spreche,macht alles &#8211; blitzblank.<\/p>\n<p><a class=\"accordion-toggle collapsed\" data-toggle=\"collapse\" data-parent=\"#accordion-thinkupshortcodesaccordion249\" href=\"#thinkupshortcodesaccordion249-0\">ANTWORT<\/a>PUTZTEUFEL<\/p>\n<p>\u00a0<\/p>\n<p>Du machst mich nass, ich mach\u2019 dich rein. Du wirst wachsen, ich werde klein.<\/p>\n<p><a class=\"accordion-toggle collapsed\" data-toggle=\"collapse\" data-parent=\"#accordion-thinkupshortcodesaccordion250\" href=\"#thinkupshortcodesaccordion250-0\">ANTWORT<\/a>SEIFE<\/p>\n<p>\u00a0<\/p>\n<p>Augen werden sie genannt, und k\u00f6nnen selbst nicht sehen. Sie haften gern am Tellerrand, auf der Zunge sie zergehen.<\/p>\n<p><a class=\"accordion-toggle collapsed\" data-toggle=\"collapse\" data-parent=\"#accordion-thinkupshortcodesaccordion251\" href=\"#thinkupshortcodesaccordion251-0\">ANTWORT<\/a>FETTAUGEN<\/p>\n<p>\u00a0<\/p>\n<p>Welche Augen werden gr\u00fcn, wenn Zugv\u00f6gel nach Norden zieh&#8217;n. Wer \u00f6ffnen sich bei lauer Luft, verstr\u00f6mt dann einen zarten Duft.<\/p>\n<p><a class=\"accordion-toggle collapsed\" data-toggle=\"collapse\" data-parent=\"#accordion-thinkupshortcodesaccordion252\" href=\"#thinkupshortcodesaccordion252-0\">ANTWORT<\/a>KNOSPEN IM FR\u00dcHLING<\/p>\n<p>\u00a0<\/p>\n<p>Wer tr\u00e4gt den Namen eines Tages und wer den eines Monats im Jahr?<\/p>\n<p><a class=\"accordion-toggle collapsed\" data-toggle=\"collapse\" data-parent=\"#accordion-thinkupshortcodesaccordion253\" href=\"#thinkupshortcodesaccordion253-0\">ANTWORT<\/a>FREITAG UND AUGUST<\/p>\n<p>\u00a0<\/p>\n<p>Die Wolken sind sein Haus, dort geht er ein und aus. Geht er einmal vor die T\u00fcr, f\u00e4llt er auf die Nase &#8211; dir.<\/p>\n<p><a class=\"accordion-toggle collapsed\" data-toggle=\"collapse\" data-parent=\"#accordion-thinkupshortcodesaccordion254\" href=\"#thinkupshortcodesaccordion254-0\">ANTWORT<\/a>REGEN<\/p>\n<p>\u00a0<\/p>\n<p>Ein Riese \u00fcberragt Berlin. Bei Tag und Nacht da sieht du ihn. In Moskau steht ein gleicher Riese. Wer sagt es mir, wie nennt man diese?<\/p>\n<p><a class=\"accordion-toggle collapsed\" data-toggle=\"collapse\" data-parent=\"#accordion-thinkupshortcodesaccordion255\" href=\"#thinkupshortcodesaccordion255-0\">ANTWORT<\/a>FERNSEHTURM<\/p>\n<p>\u00a0<\/p>\n<p>Sie laufen mit, doch nie alleine. Sind stets ein Paar f\u00fcr unsere Beine.<\/p>\n<p><a class=\"accordion-toggle collapsed\" data-toggle=\"collapse\" data-parent=\"#accordion-thinkupshortcodesaccordion256\" href=\"#thinkupshortcodesaccordion256-0\">ANTWORT<\/a>SCHUHE | STR\u00dcMPFE<\/p>\n<p>\u00a0<\/p>\n<p>Sie f\u00fchrt hinauf und auch hinab. In hohen H\u00e4usern l\u00f6ste er sie ab?<\/p>\n<p><a class=\"accordion-toggle collapsed\" data-toggle=\"collapse\" data-parent=\"#accordion-thinkupshortcodesaccordion257\" href=\"#thinkupshortcodesaccordion257-0\">ANTWORT<\/a>TREPPE | FAHRSTUHL<\/p>\n<p>\u00a0<\/p>\n<p>Was kann du essen und gleichzeitig sein? Ein &#8230;.. . Pfui, nein, nein, der Gedanke ist zu klein.<\/p>\n<p>Wer findet einen besseren Schluss? Was kann man essen und gleichzeitig sein? Ein Hasenfu\u00df!<\/p>\n<p><a class=\"accordion-toggle collapsed\" data-toggle=\"collapse\" data-parent=\"#accordion-thinkupshortcodesaccordion258\" href=\"#thinkupshortcodesaccordion258-0\">ANTWORT<\/a>FINDEST DU EINEN BESSEREN SCHLUSS?<\/p>\n<p>\u00a0<\/p>\n<p>Binnen weniger Sekunden hast du Strecken \u00fcberwunden, wo sonst Tage nicht gen\u00fcgen, wodurch schaffst du das Vergn\u00fcgen?<\/p>\n<p><a class=\"accordion-toggle collapsed\" data-toggle=\"collapse\" data-parent=\"#accordion-thinkupshortcodesaccordion259\" href=\"#thinkupshortcodesaccordion259-0\">ANTWORT<\/a>MIT DEM FINGER AUF DER LANDKARTE<\/p>\n<p>\u00a0<\/p>\n<p>Sie braucht keinen Mut, weder H\u00e4nde noch F\u00fc\u00dfe. Mit Stock, Mantel, Hut steht sie im Gem\u00fcse.<\/p>\n<p><a class=\"accordion-toggle collapsed\" data-toggle=\"collapse\" data-parent=\"#accordion-thinkupshortcodesaccordion260\" href=\"#thinkupshortcodesaccordion260-0\">ANTWORT<\/a>VOGELSCHEUCHE<\/p>\n<p>\u00a0<\/p>\n<p>Sie h\u00e4ngen auf B\u00e4umen, im Keller und im Grase. Sie fliegen im Sommer den Menschen um die Nase.<\/p>\n<p><a class=\"accordion-toggle collapsed\" data-toggle=\"collapse\" data-parent=\"#accordion-thinkupshortcodesaccordion261\" href=\"#thinkupshortcodesaccordion261-0\">ANTWORT<\/a>SPINNWEBEN<\/p>\n<p>\u00a0<\/p>\n<p>Ist es hoch gewachsen, wird es kurz geschoren. Falls es trocknen sollte, ist\u2019s nicht mehr, was es war.<\/p>\n<p><a class=\"accordion-toggle collapsed\" data-toggle=\"collapse\" data-parent=\"#accordion-thinkupshortcodesaccordion262\" href=\"#thinkupshortcodesaccordion262-0\">ANTWORT<\/a>GRAS, GETROCKNET HEU<\/p>\n<p>\u00a0<\/p>\n<p>Die eine kann ihr H\u00e4uslein tragen, die andere kommt nackt daher. Es ist ein leichtes, nun zu fragen, wer sind die beiden wohl, sag wer?<\/p>\n<p><a class=\"accordion-toggle collapsed\" data-toggle=\"collapse\" data-parent=\"#accordion-thinkupshortcodesaccordion263\" href=\"#thinkupshortcodesaccordion263-0\">ANTWORT<\/a>SCHNECKE MIT HAUS | NACKTSCHNECKE<\/p>\n<p>&nbsp;&nbsp;&nbsp;&nbsp;<\/p>\n<p>Die Tiere haben Namen,die Menschen einst erfunden.Wie Menschen darauf kamen,hier kannst du es erkunden!<\/p>\n<p>Ich schenk\u2018 dir Silbe zwei und drei,20 Tiere, 20 Fragen.Hol du die Hauptworte herbei:Dann nur die Antworten eintragen!(Mitunter gibt es mehrere L\u00f6sungen)<\/p>\n<p>. ? . schwein<\/p>\n<p><a class=\"accordion-toggle collapsed\" data-toggle=\"collapse\" data-parent=\"#accordion-thinkupshortcodesaccordion284\" href=\"#thinkupshortcodesaccordion284-0\">ANTWORT<\/a>HAUSSCHWEIN | WILDSCHWEIN | MEERSCHWEIN\u00a0\u00a0\u00a0\u00a0\u00a0\u00a0\u00a0\u00a0\u00a0\u00a0<\/p>\n<p>. ? . biene<\/p>\n<p><a class=\"accordion-toggle collapsed\" data-toggle=\"collapse\" data-parent=\"#accordion-thinkupshortcodesaccordion285\" href=\"#thinkupshortcodesaccordion285-0\">ANTWORT<\/a>HONIGBIENE\u00a0\u00a0\u00a0\u00a0\u00a0\u00a0\u00a0\u00a0\u00a0\u00a0\u00a0\u00a0\u00a0\u00a0\u00a0\u00a0\u00a0\u00a0\u00a0\u00a0<\/p>\n<p>. ? . k\u00e4fer\u00a0\u00a0\u00a0\u00a0\u00a0<\/p>\n<p><a class=\"accordion-toggle collapsed\" data-toggle=\"collapse\" data-parent=\"#accordion-thinkupshortcodesaccordion286\" href=\"#thinkupshortcodesaccordion286-0\">ANTWORT<\/a>ARIENK\u00c4FER | MAIK\u00c4FER | JUNIK\u00c4FER | MISTK\u00c4FER<\/p>\n<p>. ? . fu\u00df\u00a0\u00a0\u00a0\u00a0\u00a0\u00a0\u00a0\u00a0\u00a0\u00a0\u00a0\u00a0\u00a0\u00a0\u00a0\u00a0\u00a0\u00a0\u00a0\u00a0\u00a0<\/p>\n<p><a class=\"accordion-toggle collapsed\" data-toggle=\"collapse\" data-parent=\"#accordion-thinkupshortcodesaccordion287\" href=\"#thinkupshortcodesaccordion287-0\">ANTWORT<\/a>TAUSENDFUSS<\/p>\n<p>. ? . ameise<\/p>\n<p><a class=\"accordion-toggle collapsed\" data-toggle=\"collapse\" data-parent=\"#accordion-thinkupshortcodesaccordion288\" href=\"#thinkupshortcodesaccordion288-0\">ANTWORT<\/a>WALDAMEISE<\/p>\n<p>. ? . huhn\u00a0\u00a0<\/p>\n<p><a class=\"accordion-toggle collapsed\" data-toggle=\"collapse\" data-parent=\"#accordion-thinkupshortcodesaccordion289\" href=\"#thinkupshortcodesaccordion289-0\">ANTWORT<\/a>SUMPFHUHN | HAUSHUHN<\/p>\n<p>. ? . marder\u00a0<\/p>\n<p><a class=\"accordion-toggle collapsed\" data-toggle=\"collapse\" data-parent=\"#accordion-thinkupshortcodesaccordion290\" href=\"#thinkupshortcodesaccordion290-0\">ANTWORT<\/a>BAUMMARDER<\/p>\n<p>. ? . maus\u00a0<\/p>\n<p><a class=\"accordion-toggle collapsed\" data-toggle=\"collapse\" data-parent=\"#accordion-thinkupshortcodesaccordion291\" href=\"#thinkupshortcodesaccordion291-0\">ANTWORT<\/a>HAUSMAUS | FELDMAUS | SPITZMAUS<\/p>\n<p>. ? . falke\u00a0<\/p>\n<p><a class=\"accordion-toggle collapsed\" data-toggle=\"collapse\" data-parent=\"#accordion-thinkupshortcodesaccordion292\" href=\"#thinkupshortcodesaccordion292-0\">ANTWORT<\/a>TURMFALKE<\/p>\n<p>. ? . meise<\/p>\n<p><a class=\"accordion-toggle collapsed\" data-toggle=\"collapse\" data-parent=\"#accordion-thinkupshortcodesaccordion293\" href=\"#thinkupshortcodesaccordion293-0\">ANTWORT<\/a>AMEISE<\/p>\n<p>. ? . drossel<\/p>\n<p><a class=\"accordion-toggle collapsed\" data-toggle=\"collapse\" data-parent=\"#accordion-thinkupshortcodesaccordion294\" href=\"#thinkupshortcodesaccordion294-0\">ANTWORT<\/a>SINGDROSSEL<\/p>\n<p>. ? . wurf<\/p>\n<p><a class=\"accordion-toggle collapsed\" data-toggle=\"collapse\" data-parent=\"#accordion-thinkupshortcodesaccordion295\" href=\"#thinkupshortcodesaccordion295-0\">ANTWORT<\/a>MAULWURF<\/p>\n<p>. ? . natter\u00a0\u00a0<\/p>\n<p><a class=\"accordion-toggle collapsed\" data-toggle=\"collapse\" data-parent=\"#accordion-thinkupshortcodesaccordion296\" href=\"#thinkupshortcodesaccordion296-0\">ANTWORT<\/a>RINGELNATTER<\/p>\n<p>. ? . schwan<\/p>\n<p><a class=\"accordion-toggle collapsed\" data-toggle=\"collapse\" data-parent=\"#accordion-thinkupshortcodesaccordion297\" href=\"#thinkupshortcodesaccordion297-0\">ANTWORT<\/a>SINGSCHWAN<\/p>\n<p>. ? . reiher<\/p>\n<p><a class=\"accordion-toggle collapsed\" data-toggle=\"collapse\" data-parent=\"#accordion-thinkupshortcodesaccordion298\" href=\"#thinkupshortcodesaccordion298-0\">ANTWORT<\/a>FISCHREIHER<\/p>\n<p>. ? . karpfen\u00a0<\/p>\n<p><a class=\"accordion-toggle collapsed\" data-toggle=\"collapse\" data-parent=\"#accordion-thinkupshortcodesaccordion299\" href=\"#thinkupshortcodesaccordion299-0\">ANTWORT<\/a>SPIEGELKARPFEN<\/p>\n<p>. ? . kr\u00f6te<\/p>\n<p><a class=\"accordion-toggle collapsed\" data-toggle=\"collapse\" data-parent=\"#accordion-thinkupshortcodesaccordion2100\" href=\"#thinkupshortcodesaccordion2100-0\">ANTWORT<\/a>SCHILDKR\u00d6TE<\/p>\n<p>. ? . fisch\u00a0<\/p>\n<p><a class=\"accordion-toggle collapsed\" data-toggle=\"collapse\" data-parent=\"#accordion-thinkupshortcodesaccordion2101\" href=\"#thinkupshortcodesaccordion2101-0\">ANTWORT<\/a>S\u00dcSSWASSERFISCH\u00a0 <\/p>\n<p>. ? . sperling<\/p>\n<p><a class=\"accordion-toggle collapsed\" data-toggle=\"collapse\" data-parent=\"#accordion-thinkupshortcodesaccordion2102\" href=\"#thinkupshortcodesaccordion2102-0\">ANTWORT<\/a>HAUSSPERLING | FELDSPERLING<\/p>\n<p>. ? . taucher<\/p>\n<p><a class=\"accordion-toggle collapsed\" data-toggle=\"collapse\" data-parent=\"#accordion-thinkupshortcodesaccordion2103\" href=\"#thinkupshortcodesaccordion2103-0\">ANTWORT<\/a>HAUBENTAUCHER<\/p>\n<p>&nbsp;<\/p>\n","protected":false},"excerpt":{"rendered":"<p>&nbsp; Hier wird ein schlichtes L\u00f6sungswort gesucht. &nbsp;&nbsp;&nbsp;&nbsp;Ich bin ein Spielball der Natur,und richte mich nie h\u00e4uslich ein.Ich schwebe durch die ganze Welt;bin selten dort, wo hinbestellt.ANTWORTDas Wetter\u00a0\u00a0St\u00e4rkt jeden Baum,andere wenig.Die Z\u00e4hne nicht,auch keinen K\u00f6nig.ANTWORTDie Krone\u00a0\u00a0Unbezahlbar, dieser Schatz,kannst ihn selber nicht z\u00e4hlen.Hat in jedem Kopfe Platz,kein Dieb kann ihn dir stehlen.ANTWORTWISSEN\u00a0\u00a0Nicht gro\u00df, nicht schwer,kann Feuer [&hellip;]<\/p>\n","protected":false},"author":1,"featured_media":0,"parent":0,"menu_order":0,"comment_status":"open","ping_status":"open","template":"","meta":[],"categories":[],"tags":[],"_links":{"self":[{"href":"http:\/\/www.derfaulepoet.de\/index.php?rest_route=\/wp\/v2\/pages\/1840"}],"collection":[{"href":"http:\/\/www.derfaulepoet.de\/index.php?rest_route=\/wp\/v2\/pages"}],"about":[{"href":"http:\/\/www.derfaulepoet.de\/index.php?rest_route=\/wp\/v2\/types\/page"}],"author":[{"embeddable":true,"href":"http:\/\/www.derfaulepoet.de\/index.php?rest_route=\/wp\/v2\/users\/1"}],"replies":[{"embeddable":true,"href":"http:\/\/www.derfaulepoet.de\/index.php?rest_route=%2Fwp%2Fv2%2Fcomments&post=1840"}],"version-history":[{"count":23,"href":"http:\/\/www.derfaulepoet.de\/index.php?rest_route=\/wp\/v2\/pages\/1840\/revisions"}],"predecessor-version":[{"id":2019,"href":"http:\/\/www.derfaulepoet.de\/index.php?rest_route=\/wp\/v2\/pages\/1840\/revisions\/2019"}],"wp:attachment":[{"href":"http:\/\/www.derfaulepoet.de\/index.php?rest_route=%2Fwp%2Fv2%2Fmedia&parent=1840"}],"wp:term":[{"taxonomy":"category","embeddable":true,"href":"http:\/\/www.derfaulepoet.de\/index.php?rest_route=%2Fwp%2Fv2%2Fcategories&post=1840"},{"taxonomy":"post_tag","embeddable":true,"href":"http:\/\/www.derfaulepoet.de\/index.php?rest_route=%2Fwp%2Fv2%2Ftags&post=1840"}],"curies":[{"name":"wp","href":"https:\/\/api.w.org\/{rel}","templated":true}]}}