{"id":1830,"date":"2015-04-27T12:26:20","date_gmt":"2015-04-27T10:26:20","guid":{"rendered":"http:\/\/www.derfaulepoet.de\/?page_id=1830"},"modified":"2015-05-13T14:49:46","modified_gmt":"2015-05-13T12:49:46","slug":"zum-selberdichten","status":"publish","type":"page","link":"http:\/\/www.derfaulepoet.de\/?page_id=1830","title":{"rendered":"ZUM SELBERDICHTEN"},"content":{"rendered":"<p>&nbsp;<\/p>\n<p>Bei dieser dichterischen R\u00e4tselei, gilt es das passende Reimwort zu finden, welches nat\u00fcrlich zum Endwort der ersten Zeile einen Sinn ergeben sollte.<\/p>\n<p>&nbsp;&nbsp;&nbsp;&nbsp;<\/p>\n<p>Zur Fabel geh\u00f6rt ein kluges Wesen,gut kehren sollen neue ? .<\/p>\n<p>\u00a0<\/p>\n<p>Mit einem H schreibt sich der Kahn,mit zwei, H(a) H(a), jedoch der ? .<\/p>\n<p>\u00a0<\/p>\n<p style=\"text-align: left;\">Zum Hahn geh\u00f6rt die Henne,zum Fernseher die ? .<\/p>\n<p style=\"text-align: left;\">\u00a0<\/p>\n<p style=\"text-align: left;\">Wer hundert Kilo hebt ist stark, die Kuh gibt Milch, doch keinen ? .<\/p>\n<p style=\"text-align: left;\">\u00a0<\/p>\n<p style=\"text-align: left;\">Der Pirat liebt seine Truhe, wer schwimmt braucht keine ? .<\/p>\n<p style=\"text-align: left;\">\u00a0<\/p>\n<p style=\"text-align: left;\">F\u00fcr Altpapier gibt\u2019s Abfalltonnen, wer nicht verliert, der hat ? .<\/p>\n<p style=\"text-align: left;\">\u00a0<\/p>\n<p>Eisen ist hart, das Bett ist weich, ein W\u00fcstenf\u00fcrst der nennt sich ? .<\/p>\n<p>\u00a0<\/p>\n<p>Eine gro\u00dfe Menge hei\u00dft auch Masse,seinen Einkauf bezahlt jeder an der ? .<\/p>\n<p>\u00a0<\/p>\n<p>\u00dcbers Feld da springt ein Hase,wer popelt, steckt den Finger in die ? .<\/p>\n<p>\u00a0<\/p>\n<p>Der Standkorb sch\u00fctzt vor Sonne, Winddie Kleckerburg, die baut ein ? .<\/p>\n<p>\u00a0<\/p>\n<p>Die Katze schl\u00e4ft im H\u00fchnernest,bleibt etwas \u00fcbrig, hei\u00dft das ? .<\/p>\n<p>\u00a0<\/p>\n<p>Ich h\u00f6re am Abend das Rauschen der B\u00e4umeund gleite hin\u00fcber ins Land der ? .<\/p>\n<p>\u00a0<\/p>\n<p>Der B\u00e4cker b\u00e4ckt die Brote,den Eilbrief bringt ein ? .<\/p>\n<p>\u00a0<\/p>\n<p>Blumen bl\u00fchen auf dem Fensterbrett,die Prinzessin pieken Erbsen im Himmel ? .<\/p>\n<p>\u00a0<\/p>\n<p>Der Kaktus w\u00e4chst im Blumentopf,Katherienchen tr\u00e4gt heut einen ? .<\/p>\n<p>\u00a0<\/p>\n<p>Der Fotograf knipst sch\u00f6ne Bilder,die Wege weisen \u00f6fter ? .<\/p>\n<p>\u00a0<\/p>\n<p>Treppen haben viele Stufen,Schlitten f\u00e4hrst du auf\u00a0 2 ? .<\/p>\n<p>\u00a0<\/p>\n<p>Auf der Wiese Blumen wachsen,im Zirkuszelt, der Clown macht ? .<\/p>\n<p>\u00a0<\/p>\n<p>Astern, Ringelblumen und Narzissen, wenn einer dich betrogen hat, so hat er dich ? .<\/p>\n<p>\u00a0<\/p>\n<p>Liegst du im Bett und kannst nicht schlafen, hilft auch kein Z\u00e4hlen von Wolken ? .<\/p>\n<p>\u00a0<\/p>\n<p>Ein Kaktus l\u00e4sst sich schwer rasieren, Tiere daf\u00fcr sehr gut ? .<\/p>\n<p>\u00a0<\/p>\n<p>Das Licht lockt Nachts die Falter, Briefmarken kaufst du am ? .<\/p>\n<p>\u00a0<\/p>\n<p>Im Teiche laut die Fr\u00f6sche quaken, das tun sie nie an Winter ? .<\/p>\n<p>\u00a0<\/p>\n<p>Ein Sommerabend voller Stille,es musiziert nur eine ? .<\/p>\n<p>\u00a0<\/p>\n<p>Am Wegesrand wachsen Disteln,auf manchen B\u00e4umen gro\u00dfe ? .<\/p>\n<p>\u00a0<\/p>\n<p>Berliner lieben ihre SpreeUnd dazu den ? .<\/p>\n<p>\u00a0<\/p>\n<p>Die Schulmappe hie\u00df fr\u00fcher Ranzen,Skispringer lieben gro\u00dfe ? .<\/p>\n<p>\u00a0<\/p>\n<p>Auf der Weide grast ein Schimmel,im Wasser spiegelt sich der ? .<\/p>\n<p>\u00a0<\/p>\n<p>Die alte Burg umgibt ein Graben,ein M\u00e4rchen hei\u00dft: Die sieben ? .<\/p>\n<p>\u00a0<\/p>\n<p>Liest du ein spannendes Buch, st\u00f6rt dich jeder ? .<\/p>\n<p>\u00a0<\/p>\n<p>Batterien musst du entsorgen, das verschiebe nie auf ? .<\/p>\n<p>\u00a0<\/p>\n<p>Zum Gro\u00dfsein geh\u00f6rt gewisse Reife, Gro\u00df und Klein w\u00e4scht sich mit ? .<\/p>\n<p>\u00a0<\/p>\n<p>Vom B\u00e4r die Pfote nennt sich Tatze, dem Lehrer zeigt man keine ? .<\/p>\n<p>\u00a0<\/p>\n<p>B\u00fccher stehen im Regal, festhalten kannst du keinen ? .<\/p>\n<p>\u00a0<\/p>\n<p>An der Angel h\u00e4ngt ein Barsch, zum Hinterteil sagt man auch ? .<\/p>\n<p>\u00a0<\/p>\n<p>Ist kein Zettel voll geschrieben, sind die Zettel leer ? .<\/p>\n<p>\u00a0<\/p>\n<p>Ein Fuchs liegt auf der Lauer, China hat die gr\u00f6\u00dfte ? .<\/p>\n<p>\u00a0<\/p>\n<p>Den Rest im Glas nennt man Neige, der Posaunist spielt keine ? .<\/p>\n<p>\u00a0<\/p>\n<p>Ein gutes Buch wird gern gelesen, was gestern war, das ist ? .<\/p>\n<p>\u00a0<\/p>\n<p>Der wei\u00dfe Hai hat Z\u00e4hne, der L\u00f6we eine ? .<\/p>\n<p>\u00a0<\/p>\n<p>Auch wenn die liebe Sonne lacht, der treue Hofhund bellt und ? .<\/p>\n<p>\u00a0<\/p>\n<p>Alle Fische haben Flossen, in der Zeitung stehen ? .<\/p>\n<p>\u00a0<\/p>\n<p>Bienen und Hummeln summen, die gro\u00dfen B\u00e4ren ? .<\/p>\n<p>\u00a0<\/p>\n<p>Wir bauen heut ein Vogelhaus, so fliegt dann bald ein Vogel ? .<\/p>\n<p>\u00a0<\/p>\n<p>Die H\u00fchner viele Eier legen, Mut nennt sich auch ? .<\/p>\n<p>\u00a0<\/p>\n<p>Ein Sommerabend voller M\u00fccken, wird wohl G\u00e4ste nie ? .<\/p>\n<p>\u00a0<\/p>\n<p>Ein Kuckuck ruft im Abendlicht, der Papa f\u00e4hrt zur n\u00e4chsten ? .<\/p>\n<p>\u00a0<\/p>\n<p>Zwei heben freundschaftlich die Hand, sie haben sich nicht mal ? .<\/p>\n<p>\u00a0<\/p>\n<p>Wenn Fu\u00dfger\u00fcche \u00fcberraschen, sollt\u2019 man sich seine F\u00fc\u00dfe ? .<\/p>\n<p>\u00a0<\/p>\n<p>Der Vollmond zeigt sich voller Pracht, wir haben eine helle ? .<\/p>\n<p>\u00a0<\/p>\n<p>Zum Fenster geh\u00f6rt ein Rahmen, schicke Frauen nennt man ? .<\/p>\n<p>\u00a0<\/p>\n<p>Die Katze schleicht auf leisen Pfoten, Erbsen wachsen in gr\u00fcnen ? .<\/p>\n<p>\u00a0<\/p>\n<p>Die Plapperm\u00e4ulchen tratschen, der Opa schl\u00e4ft in ? .<\/p>\n<p>\u00a0<\/p>\n<p>Der Maulwurf w\u00fchlt sich einen H\u00fcgel, zum Reiten braucht man ? . (Doppell\u00f6sung!)<\/p>\n<p>\u00a0<\/p>\n<p>Auf vier Beinen steht der Tisch, ohne Beine schwimmt der ? .<\/p>\n<p>\u00a0<\/p>\n<p>Kinder essen gerne Eis, Popcorn stellt man her aus ? .<\/p>\n<p>\u00a0<\/p>\n<p>Himbeeren wachsen an dem Strauch, verspeist du sie, f\u00fcllt sich dein ? .<\/p>\n<p>\u00a0<\/p>\n<p>Hunde die nicht bellen kl\u00e4ffen, zur Verwandtschaft z\u00e4hlen ? .<\/p>\n<p>\u00a0<\/p>\n<p>Zum Rennpferd geh\u00f6rt ein Reiter, zu Sommersprossen keine ? .<\/p>\n<p>\u00a0<\/p>\n<p>Zum Wohnhaus geh\u00f6rt ein Dach, zur Schulpause der ? .<\/p>\n<p>\u00a0<\/p>\n<p>Zum Wald geh\u00f6ren B\u00e4ume, zum Schlafen einfach ? .<\/p>\n<p>\u00a0<\/p>\n<p>Eine Mutti geh\u00f6rt zum Kind, zum Drachensteigen brauchst du ? .<\/p>\n<p>\u00a0<\/p>\n<p>Die Eisenbahn f\u00e4hrt nur auf Schienen, den s\u00fc\u00dfen Honig sammeln ? .<\/p>\n<p>\u00a0<\/p>\n<p>Die Brille tr\u00e4gt man auf der Nase, der Spielplatz ist wohl nie die ? .<\/p>\n<p>\u00a0<\/p>\n<p>Ein Besteck sind L\u00f6ffel, Messer, Gabel, aber V\u00f6gel fressen mit dem ? .<\/p>\n<p>\u00a0<\/p>\n<p>Du kannst f\u00fcr wahr nichts schmecken, beim Zunge her ? .<\/p>\n<p>\u00a0<\/p>\n<p>Die Kehrseite vom Fliegen ist? Auf der Nase ? .<\/p>\n<p>\u00a0<\/p>\n<p>Das Gegenteil vom Gehen ist? Auf der Stelle ? .<\/p>\n<p>\u00a0<\/p>\n<p>V\u00f6gel die nicht Stimme zeigen, sitzen im Ge\u00e4st und ? .<\/p>\n<p>\u00a0<\/p>\n<p>Der See schimmert niemals blau, wenn des Himmels Farbe ? .<\/p>\n<p>\u00a0<\/p>\n<p>Eine gro\u00dfe Menge hei\u00dft auch Masse,den Einkauf bezahlst du an der ? .<\/p>\n<p>\u00a0<\/p>\n<p>\u00dcbers Feld da springt ein Hase,wer popelt, hat den Finger in der ? .<\/p>\n<p>\u00a0<\/p>\n<p>Der Standkorb sch\u00fctzt vor Sonne, Wind,die Kleckerburg, die baut ein ? .<\/p>\n<p>\u00a0<\/p>\n<p>Die Katze schl\u00e4ft im H\u00fchnernest,bleibt etwas \u00fcbrig, hei\u00dft das ? .<\/p>\n<p>\u00a0<\/p>\n<p>Ich h\u00f6re am Abend das Rauschen der B\u00e4umeund gleite hinein ins Land der ? .<\/p>\n<p>\u00a0<\/p>\n<p>Die Wespen, die am Kuchen naschen,brauchen sich nicht die F\u00fc\u00dfe ? .<\/p>\n<p>\u00a0<\/p>\n<p>Der B\u00e4cker b\u00e4ckt die Brote,den Eilbrief bringt ein ? .<\/p>\n<p>\u00a0<\/p>\n<p>Wer hundert Kilo hebt ist stark,die Kuh gibt Milch, doch niemals ? .<\/p>\n<p>&nbsp;<\/p>\n","protected":false},"excerpt":{"rendered":"<p>&nbsp; Bei dieser dichterischen R\u00e4tselei, gilt es das passende Reimwort zu finden, welches nat\u00fcrlich zum Endwort der ersten Zeile einen Sinn ergeben sollte. &nbsp;&nbsp;&nbsp;&nbsp; Zur Fabel geh\u00f6rt ein kluges Wesen,gut kehren sollen neue ? . \u00a0 Mit einem H schreibt sich der Kahn,mit zwei, H(a) H(a), jedoch der ? . \u00a0 Zum Hahn geh\u00f6rt die [&hellip;]<\/p>\n","protected":false},"author":1,"featured_media":0,"parent":0,"menu_order":0,"comment_status":"open","ping_status":"open","template":"","meta":[],"categories":[],"tags":[],"_links":{"self":[{"href":"http:\/\/www.derfaulepoet.de\/index.php?rest_route=\/wp\/v2\/pages\/1830"}],"collection":[{"href":"http:\/\/www.derfaulepoet.de\/index.php?rest_route=\/wp\/v2\/pages"}],"about":[{"href":"http:\/\/www.derfaulepoet.de\/index.php?rest_route=\/wp\/v2\/types\/page"}],"author":[{"embeddable":true,"href":"http:\/\/www.derfaulepoet.de\/index.php?rest_route=\/wp\/v2\/users\/1"}],"replies":[{"embeddable":true,"href":"http:\/\/www.derfaulepoet.de\/index.php?rest_route=%2Fwp%2Fv2%2Fcomments&post=1830"}],"version-history":[{"count":4,"href":"http:\/\/www.derfaulepoet.de\/index.php?rest_route=\/wp\/v2\/pages\/1830\/revisions"}],"predecessor-version":[{"id":2007,"href":"http:\/\/www.derfaulepoet.de\/index.php?rest_route=\/wp\/v2\/pages\/1830\/revisions\/2007"}],"wp:attachment":[{"href":"http:\/\/www.derfaulepoet.de\/index.php?rest_route=%2Fwp%2Fv2%2Fmedia&parent=1830"}],"wp:term":[{"taxonomy":"category","embeddable":true,"href":"http:\/\/www.derfaulepoet.de\/index.php?rest_route=%2Fwp%2Fv2%2Fcategories&post=1830"},{"taxonomy":"post_tag","embeddable":true,"href":"http:\/\/www.derfaulepoet.de\/index.php?rest_route=%2Fwp%2Fv2%2Ftags&post=1830"}],"curies":[{"name":"wp","href":"https:\/\/api.w.org\/{rel}","templated":true}]}}