{"id":1814,"date":"2015-04-20T10:27:17","date_gmt":"2015-04-20T08:27:17","guid":{"rendered":"http:\/\/www.derfaulepoet.de\/?page_id=1814"},"modified":"2015-04-20T10:43:20","modified_gmt":"2015-04-20T08:43:20","slug":"einwortraetsel","status":"publish","type":"page","link":"http:\/\/www.derfaulepoet.de\/?page_id=1814","title":{"rendered":"EINWORTR\u00c4TSEL"},"content":{"rendered":"<p>&nbsp;<\/p>\n<p>Einwortr\u00e4tsel sind mehr Sprachspiel als R\u00e4tsel, obwohl es ja etwas zu erraten gibt.<\/p>\n<p>Mit Phantasie und Freude an der Sprache, kann jeder Einwortr\u00e4tsel.<\/p>\n<p>&nbsp;&nbsp;&nbsp;&nbsp;<\/p>\n<p>Ein EinKann sehr viel mehr sein,als ein Ein.<\/p>\n<p>Verlust<\/p>\n<p><a class=\"accordion-toggle collapsed\" data-toggle=\"collapse\" data-parent=\"#accordion-thinkupshortcodesaccordion213\" href=\"#thinkupshortcodesaccordion213-0\">ANTWORT<\/a>Einbu\u00dfe<\/p>\n<p>Theaterst\u00fcck<\/p>\n<p><a class=\"accordion-toggle collapsed\" data-toggle=\"collapse\" data-parent=\"#accordion-thinkupshortcodesaccordion214\" href=\"#thinkupshortcodesaccordion214-0\">ANTWORT<\/a>EINAKTER<\/p>\n<p>Widerspruch<\/p>\n<p><a class=\"accordion-toggle collapsed\" data-toggle=\"collapse\" data-parent=\"#accordion-thinkupshortcodesaccordion215\" href=\"#thinkupshortcodesaccordion215-0\">ANTWORT<\/a>EINSPRUCH<\/p>\n<p>Nobelpreistr\u00e4ger<\/p>\n<p><a class=\"accordion-toggle collapsed\" data-toggle=\"collapse\" data-parent=\"#accordion-thinkupshortcodesaccordion216\" href=\"#thinkupshortcodesaccordion216-0\">ANTWORT<\/a>EINSTEIN<\/p>\n<p>Zielankunft<\/p>\n<p><a class=\"accordion-toggle collapsed\" data-toggle=\"collapse\" data-parent=\"#accordion-thinkupshortcodesaccordion217\" href=\"#thinkupshortcodesaccordion217-0\">ANTWORT<\/a>EINLAUF<\/p>\n<p>nicht viel\u00a0<\/p>\n<p><a class=\"accordion-toggle collapsed\" data-toggle=\"collapse\" data-parent=\"#accordion-thinkupshortcodesaccordion218\" href=\"#thinkupshortcodesaccordion218-0\">ANTWORT<\/a>EINZAHL<\/p>\n<p>Familien-Herberge\u00a0<\/p>\n<p><a class=\"accordion-toggle collapsed\" data-toggle=\"collapse\" data-parent=\"#accordion-thinkupshortcodesaccordion219\" href=\"#thinkupshortcodesaccordion219-0\">ANTWORT<\/a>EINFAMILIENHAUS<\/p>\n<p>buchfreundlich<\/p>\n<p><a class=\"accordion-toggle collapsed\" data-toggle=\"collapse\" data-parent=\"#accordion-thinkupshortcodesaccordion220\" href=\"#thinkupshortcodesaccordion220-0\">ANTWORT<\/a>EINBAND<\/p>\n<p>nicht sie<\/p>\n<p><a class=\"accordion-toggle collapsed\" data-toggle=\"collapse\" data-parent=\"#accordion-thinkupshortcodesaccordion221\" href=\"#thinkupshortcodesaccordion221-0\">ANTWORT<\/a>EINER<\/p>\n<p>Idee<\/p>\n<p><a class=\"accordion-toggle collapsed\" data-toggle=\"collapse\" data-parent=\"#accordion-thinkupshortcodesaccordion222\" href=\"#thinkupshortcodesaccordion222-0\">ANTWORT<\/a>EINFALL<\/p>\n<p>\u00d6ffnung<\/p>\n<p><a class=\"accordion-toggle collapsed\" data-toggle=\"collapse\" data-parent=\"#accordion-thinkupshortcodesaccordion223\" href=\"#thinkupshortcodesaccordion223-0\">ANTWORT<\/a>EINGANG<\/p>\n<p>Essen<\/p>\n<p><a class=\"accordion-toggle collapsed\" data-toggle=\"collapse\" data-parent=\"#accordion-thinkupshortcodesaccordion224\" href=\"#thinkupshortcodesaccordion224-0\">ANTWORT<\/a>EINTOPF<\/p>\n<p>Fabeltier\u00a0<\/p>\n<p><a class=\"accordion-toggle collapsed\" data-toggle=\"collapse\" data-parent=\"#accordion-thinkupshortcodesaccordion225\" href=\"#thinkupshortcodesaccordion225-0\">ANTWORT<\/a>EINHORN<\/p>\n<p>Hier lasse ich es sein,vielleicht f\u00e4llt, dem einen oder anderennoch ein Ein ein?<\/p>\n<p>&nbsp;<\/p>\n","protected":false},"excerpt":{"rendered":"<p>&nbsp; Einwortr\u00e4tsel sind mehr Sprachspiel als R\u00e4tsel, obwohl es ja etwas zu erraten gibt. Mit Phantasie und Freude an der Sprache, kann jeder Einwortr\u00e4tsel. &nbsp;&nbsp;&nbsp;&nbsp; Ein EinKann sehr viel mehr sein,als ein Ein. Verlust ANTWORTEinbu\u00dfe Theaterst\u00fcck ANTWORTEINAKTER Widerspruch ANTWORTEINSPRUCH Nobelpreistr\u00e4ger ANTWORTEINSTEIN Zielankunft ANTWORTEINLAUF nicht viel\u00a0 ANTWORTEINZAHL Familien-Herberge\u00a0 ANTWORTEINFAMILIENHAUS buchfreundlich ANTWORTEINBAND nicht sie ANTWORTEINER Idee ANTWORTEINFALL [&hellip;]<\/p>\n","protected":false},"author":1,"featured_media":0,"parent":0,"menu_order":0,"comment_status":"open","ping_status":"open","template":"","meta":[],"categories":[],"tags":[],"_links":{"self":[{"href":"http:\/\/www.derfaulepoet.de\/index.php?rest_route=\/wp\/v2\/pages\/1814"}],"collection":[{"href":"http:\/\/www.derfaulepoet.de\/index.php?rest_route=\/wp\/v2\/pages"}],"about":[{"href":"http:\/\/www.derfaulepoet.de\/index.php?rest_route=\/wp\/v2\/types\/page"}],"author":[{"embeddable":true,"href":"http:\/\/www.derfaulepoet.de\/index.php?rest_route=\/wp\/v2\/users\/1"}],"replies":[{"embeddable":true,"href":"http:\/\/www.derfaulepoet.de\/index.php?rest_route=%2Fwp%2Fv2%2Fcomments&post=1814"}],"version-history":[{"count":5,"href":"http:\/\/www.derfaulepoet.de\/index.php?rest_route=\/wp\/v2\/pages\/1814\/revisions"}],"predecessor-version":[{"id":1821,"href":"http:\/\/www.derfaulepoet.de\/index.php?rest_route=\/wp\/v2\/pages\/1814\/revisions\/1821"}],"wp:attachment":[{"href":"http:\/\/www.derfaulepoet.de\/index.php?rest_route=%2Fwp%2Fv2%2Fmedia&parent=1814"}],"wp:term":[{"taxonomy":"category","embeddable":true,"href":"http:\/\/www.derfaulepoet.de\/index.php?rest_route=%2Fwp%2Fv2%2Fcategories&post=1814"},{"taxonomy":"post_tag","embeddable":true,"href":"http:\/\/www.derfaulepoet.de\/index.php?rest_route=%2Fwp%2Fv2%2Ftags&post=1814"}],"curies":[{"name":"wp","href":"https:\/\/api.w.org\/{rel}","templated":true}]}}