{"id":1639,"date":"2015-04-09T11:35:07","date_gmt":"2015-04-09T09:35:07","guid":{"rendered":"http:\/\/www.derfaulepoet.de\/?page_id=1639"},"modified":"2015-05-13T22:57:41","modified_gmt":"2015-05-13T20:57:41","slug":"anagramm","status":"publish","type":"page","link":"http:\/\/www.derfaulepoet.de\/?page_id=1639","title":{"rendered":"ANAGRAMM"},"content":{"rendered":"<p>&nbsp;<\/p>\n<h4>Das Anagramm oder Umstellr\u00e4tsel ist eine R\u00e4tselform, bei der aus bestimmten W\u00f6rtern durch Buchstaben- oder Silbenvertauschung andere W\u00f6rter entstehen.<\/h4>\n<p>&nbsp;&nbsp;&nbsp;&nbsp;<\/p>\n<p>Im Wort ABER steckt ein Tier,das versteckt sich einfach hier.Schau das ABER richtig an,weil das ABER fliegen kann.<\/p>\n<p><a class=\"accordion-toggle collapsed\" data-toggle=\"collapse\" data-parent=\"#accordion-thinkupshortcodesaccordion214\" href=\"#thinkupshortcodesaccordion214-0\">ANTWORT<\/a>RABE<\/p>\n<p>\u00a0<\/p>\n<p>Er schnurrt, wenn wir ihn streicheln:Ganz stumm zeigt Zwei die Wege.Er braucht im Leben keine,wir im Leben mehr als eine.<\/p>\n<p><a class=\"accordion-toggle collapsed\" data-toggle=\"collapse\" data-parent=\"#accordion-thinkupshortcodesaccordion215\" href=\"#thinkupshortcodesaccordion215-0\">ANTWORT<\/a>KATER und KARTE<\/p>\n<p>\u00a0<\/p>\n<p>Eine Stadt in Peru wird gesucht!Aus dem Namen der Stadt wird ein s\u00fcdamerikanisches Kamel, wenn Du einen Buchstaben \u00e4nderst.\u00c4nderst Du dann einen Buchstaben beim Namen des Kamels, so wird ein M\u00e4dchenname daraus.<\/p>\n<p><a class=\"accordion-toggle collapsed\" data-toggle=\"collapse\" data-parent=\"#accordion-thinkupshortcodesaccordion216\" href=\"#thinkupshortcodesaccordion216-0\">ANTWORT<\/a>STADT = LIMA \/ KAMEL = LAMA \/ M\u00c4DCHENNAME = LARA<\/p>\n<p>\u00a0<\/p>\n<p>Wie viele Worte verbergen sich in\u00a0 den Worten:Erst einmal<\/p>\n<p><a class=\"accordion-toggle collapsed\" data-toggle=\"collapse\" data-parent=\"#accordion-thinkupshortcodesaccordion217\" href=\"#thinkupshortcodesaccordion217-0\">ANTWORT<\/a>5 WORTE SIND ES &#8211; ER \/ STEIN \/ EIN \/ EINMAL \/ MAL<\/p>\n<p>\u00a0<\/p>\n<p>F\u00fcr Bl\u00fcten steht das Wort,nicht jedem so gel\u00e4ufig!Ein M\u00e4nnername h\u00e4ufig,drehe diesen, eins steht dort.<\/p>\n<p><a class=\"accordion-toggle collapsed\" data-toggle=\"collapse\" data-parent=\"#accordion-thinkupshortcodesaccordion218\" href=\"#thinkupshortcodesaccordion218-0\">ANTWORT<\/a>FLOR und ROLF<\/p>\n<p>\u00a0<\/p>\n<p>Einen Besitz zerr\u00fcttelt,bringt b\u00f6se Geister hervor.B\u00f6se Geister gesch\u00fcttelt,\u00f6ffnen dem Ersten das Tor.<\/p>\n<p><a class=\"accordion-toggle collapsed\" data-toggle=\"collapse\" data-parent=\"#accordion-thinkupshortcodesaccordion219\" href=\"#thinkupshortcodesaccordion219-0\">ANTWORT<\/a>DOM\u00c4NE &#8211; D\u00c4MONE<\/p>\n<p>\u00a0<\/p>\n<p style=\"text-align: left\">Aus dem M\u00e4dchen-Vornamen-Reichfinde zwei Namen buchstabengleich.Stelle einmal Buchstabe zwei auf vier,oder ziehe den vierten auf zwei,welche Namen kommen raus dabei?<\/p>\n<p style=\"text-align: left\"><a class=\"accordion-toggle collapsed\" data-toggle=\"collapse\" data-parent=\"#accordion-thinkupshortcodesaccordion220\" href=\"#thinkupshortcodesaccordion220-0\">ANTWORT<\/a>KLARA + KARLA<\/p>\n<p style=\"text-align: left\">\u00a0<\/p>\n<p>M fliegen \u00fcber Seen und tief ins Land,L\u00a0 leben unweit vom W\u00fcstensand,oder in manchen gro\u00dfen St\u00e4dten,wohin sich die M im Winter retten.<\/p>\n<p><a class=\"accordion-toggle collapsed\" data-toggle=\"collapse\" data-parent=\"#accordion-thinkupshortcodesaccordion221\" href=\"#thinkupshortcodesaccordion221-0\">ANTWORT<\/a>M\u00d6WE + L\u00d6WE<\/p>\n<p>\u00a0<\/p>\n<p>Von vorn gelesen, eins bis vier:Die Gangart bei so manchem Tier.Dreh das Wort und lies von hinten,im Mannsgesicht sehr oft zu finden.<\/p>\n<p><a class=\"accordion-toggle collapsed\" data-toggle=\"collapse\" data-parent=\"#accordion-thinkupshortcodesaccordion222\" href=\"#thinkupshortcodesaccordion222-0\">ANTWORT<\/a>TRAB + BART<\/p>\n<p>\u00a0<\/p>\n<p>Durch das Umsetzen eines Buchstaben im Wort GENAUerh\u00e4ltst du den Namen einer bekannten italienischen Hafenstadt.<\/p>\n<p><a class=\"accordion-toggle collapsed\" data-toggle=\"collapse\" data-parent=\"#accordion-thinkupshortcodesaccordion223\" href=\"#thinkupshortcodesaccordion223-0\">ANTWORT<\/a>GENUA<\/p>\n<p>\u00a0<\/p>\n<p>Nur zwei Buchstaben sind zu wechseln und schonwird aus dem Wort MICRO der Name eines Jungen.<\/p>\n<p><a class=\"accordion-toggle collapsed\" data-toggle=\"collapse\" data-parent=\"#accordion-thinkupshortcodesaccordion224\" href=\"#thinkupshortcodesaccordion224-0\">ANTWORT<\/a>MIRCO<\/p>\n<p>Der NIKO geht gern, nach Buchstabentausch, ins &#8230;&#8230;..?<\/p>\n<p><a class=\"accordion-toggle collapsed\" data-toggle=\"collapse\" data-parent=\"#accordion-thinkupshortcodesaccordion225\" href=\"#thinkupshortcodesaccordion225-0\">ANTWORT<\/a>KINO<\/p>\n<p>\u00a0<\/p>\n<p>Lies\u2019 dieses Wort von vorn.Im Deutschen eine Norm.Lies\u2019 dieses Wort von hinten,l\u00e4ssig, wirst du finden.<\/p>\n<p><a class=\"accordion-toggle collapsed\" data-toggle=\"collapse\" data-parent=\"#accordion-thinkupshortcodesaccordion226\" href=\"#thinkupshortcodesaccordion226-0\">ANTWORT<\/a>REGEL | LEGER<\/p>\n<p>Manches Mal gehst du im erstenirritiert, wie durch das zweite:Kannst zwar sehen, siehst nicht viel.Drehe das Wort, du kommst zum Ziel.<\/p>\n<p><a class=\"accordion-toggle collapsed\" data-toggle=\"collapse\" data-parent=\"#accordion-thinkupshortcodesaccordion227\" href=\"#thinkupshortcodesaccordion227-0\">ANTWORT<\/a>LEBEN | NEBEL<\/p>\n<p>&nbsp;<\/p>\n","protected":false},"excerpt":{"rendered":"<p>&nbsp; Das Anagramm oder Umstellr\u00e4tsel ist eine R\u00e4tselform, bei der aus bestimmten W\u00f6rtern durch Buchstaben- oder Silbenvertauschung andere W\u00f6rter entstehen. &nbsp;&nbsp;&nbsp;&nbsp; Im Wort ABER steckt ein Tier,das versteckt sich einfach hier.Schau das ABER richtig an,weil das ABER fliegen kann. ANTWORTRABE \u00a0 Er schnurrt, wenn wir ihn streicheln:Ganz stumm zeigt Zwei die Wege.Er braucht im Leben [&hellip;]<\/p>\n","protected":false},"author":1,"featured_media":0,"parent":0,"menu_order":0,"comment_status":"open","ping_status":"open","template":"","meta":[],"categories":[],"tags":[],"_links":{"self":[{"href":"http:\/\/www.derfaulepoet.de\/index.php?rest_route=\/wp\/v2\/pages\/1639"}],"collection":[{"href":"http:\/\/www.derfaulepoet.de\/index.php?rest_route=\/wp\/v2\/pages"}],"about":[{"href":"http:\/\/www.derfaulepoet.de\/index.php?rest_route=\/wp\/v2\/types\/page"}],"author":[{"embeddable":true,"href":"http:\/\/www.derfaulepoet.de\/index.php?rest_route=\/wp\/v2\/users\/1"}],"replies":[{"embeddable":true,"href":"http:\/\/www.derfaulepoet.de\/index.php?rest_route=%2Fwp%2Fv2%2Fcomments&post=1639"}],"version-history":[{"count":14,"href":"http:\/\/www.derfaulepoet.de\/index.php?rest_route=\/wp\/v2\/pages\/1639\/revisions"}],"predecessor-version":[{"id":2011,"href":"http:\/\/www.derfaulepoet.de\/index.php?rest_route=\/wp\/v2\/pages\/1639\/revisions\/2011"}],"wp:attachment":[{"href":"http:\/\/www.derfaulepoet.de\/index.php?rest_route=%2Fwp%2Fv2%2Fmedia&parent=1639"}],"wp:term":[{"taxonomy":"category","embeddable":true,"href":"http:\/\/www.derfaulepoet.de\/index.php?rest_route=%2Fwp%2Fv2%2Fcategories&post=1639"},{"taxonomy":"post_tag","embeddable":true,"href":"http:\/\/www.derfaulepoet.de\/index.php?rest_route=%2Fwp%2Fv2%2Ftags&post=1639"}],"curies":[{"name":"wp","href":"https:\/\/api.w.org\/{rel}","templated":true}]}}