{"id":1637,"date":"2015-04-09T11:34:25","date_gmt":"2015-04-09T09:34:25","guid":{"rendered":"http:\/\/www.derfaulepoet.de\/?page_id=1637"},"modified":"2015-05-11T13:50:11","modified_gmt":"2015-05-11T11:50:11","slug":"homonym","status":"publish","type":"page","link":"http:\/\/www.derfaulepoet.de\/?page_id=1637","title":{"rendered":"HOMONYM"},"content":{"rendered":"<p>&nbsp;<\/p>\n<h4>Homonyme, sind Worte, die gleich geschrieben und gesprochen werden, aber verschiedene Bedeutungen haben.<\/h4>\n<p>&nbsp;&nbsp;&nbsp;&nbsp;<\/p>\n<p>Es gibt vier mit gleichem Namen,ich r\u00e4tsle, wie die dazu kamen?Ein Beamter tr\u00e4gt ihn stolz,auch so mancher Funktion\u00e4r.Ein Vogel auch! \u2013 doch ist das fair?Ich sitz\u2019 an einem ganz aus Holz.<\/p>\n<p><a class=\"accordion-toggle collapsed\" data-toggle=\"collapse\" data-parent=\"#accordion-thinkupshortcodesaccordion222\" href=\"#thinkupshortcodesaccordion222-0\">ANTWORT<\/a>SEKRET\u00c4R<\/p>\n<p>Beide segeln durch die Welt,unter gleichem Namen.Der eine liebt das Wasserund f\u00e4hrt sehr gern zur See.Der andre liebt die Blumen;was bl\u00fcht, sogar den Klee.<\/p>\n<p><a class=\"accordion-toggle collapsed\" data-toggle=\"collapse\" data-parent=\"#accordion-thinkupshortcodesaccordion223\" href=\"#thinkupshortcodesaccordion223-0\">ANTWORT<\/a>ADMIRAL und ADMIRAL<\/p>\n<p>Den einen kannst du sehen,drauf stehen und auch gehen.Das andre gleich geschrieben,ist fort, fort, fort &#8211; wo ist\u2019s geblieben?<\/p>\n<p style=\"text-align: left\"><a class=\"accordion-toggle collapsed\" data-toggle=\"collapse\" data-parent=\"#accordion-thinkupshortcodesaccordion224\" href=\"#thinkupshortcodesaccordion224-0\">ANTWORT<\/a>DER WEG und ER IST WEG (wie fort)<\/p>\n<p style=\"text-align: left\">Eins gilt, wenn du Anf\u00e4nger bist.Im zweiten regiert der Glauben,drei l\u00e4sst sich schlagen, nicht schraubenund vier, zu vier geh\u00f6rt Papier.<\/p>\n<p><a class=\"accordion-toggle collapsed\" data-toggle=\"collapse\" data-parent=\"#accordion-thinkupshortcodesaccordion225\" href=\"#thinkupshortcodesaccordion225-0\">ANTWORT<\/a>STIFT<\/p>\n<p>\u00a0<\/p>\n<p>Erstes l\u00e4sst sich nur vermuten,wenn es noch nicht amtlich ist.Zweite sind schon l\u00e4ngst verstorben,sie sind nur da, weil keiner sie vergisst.<\/p>\n<p><a class=\"accordion-toggle collapsed\" data-toggle=\"collapse\" data-parent=\"#accordion-thinkupshortcodesaccordion226\" href=\"#thinkupshortcodesaccordion226-0\">ANTWORT<\/a>DAS AHNEN | DIE AHNEN<\/p>\n<p>Ein Landwirt voller Tradition,schafft dies auf jedem Feld.Ein jeder kann\u2019s per Telefon,das kostet durchaus Geld.<\/p>\n<p><a class=\"accordion-toggle collapsed\" data-toggle=\"collapse\" data-parent=\"#accordion-thinkupshortcodesaccordion227\" href=\"#thinkupshortcodesaccordion227-0\">ANTWORT<\/a>FELDER BESTELLEN | (ETWAS) BESTELLEN<\/p>\n<p>\u00a0Nummer eins ist ein Gef\u00e4hrt,irgendwie vorangetrieben.Nr. 2 wird gleich geschrieben.Wird durch Antrieb nur gew\u00e4hrt.<\/p>\n<p><a class=\"accordion-toggle collapsed\" data-toggle=\"collapse\" data-parent=\"#accordion-thinkupshortcodesaccordion228\" href=\"#thinkupshortcodesaccordion228-0\">ANTWORT<\/a>DER WAGEN | SICH WAGEN<\/p>\n<p>Diesen Namen tragen alle,genauer zwei, sind nicht verwandtDie eine geht dir in die Falle,die zweite bewegst du mit der Hand.<\/p>\n<p><a class=\"accordion-toggle collapsed\" data-toggle=\"collapse\" data-parent=\"#accordion-thinkupshortcodesaccordion229\" href=\"#thinkupshortcodesaccordion229-0\">ANTWORT<\/a>MAUS | (COMPUTER) MAUS<\/p>\n<p>\u00a0Mit beiden erreichst du gesteckte Ziele,so Schritt f\u00fcr Schritt, gut ausbalanciert.Verschieden sind beide, auch ihre Stile,Wer nicht Acht gibt, fehltritt, der verliert.<\/p>\n<p><a class=\"accordion-toggle collapsed\" data-toggle=\"collapse\" data-parent=\"#accordion-thinkupshortcodesaccordion230\" href=\"#thinkupshortcodesaccordion230-0\">ANTWORT<\/a>DER LEITER | DIE LEITER<\/p>\n<p>Das erste wird bekannt gegeben,es ist ein altes deutsches Wort.Das zweite mit dem gleichen Namen,Wird stets umworben und tr\u00e4gt fort.<\/p>\n<p><a class=\"accordion-toggle collapsed\" data-toggle=\"collapse\" data-parent=\"#accordion-thinkupshortcodesaccordion231\" href=\"#thinkupshortcodesaccordion231-0\">ANTWORT<\/a>DIE KUNDE | DER KUNDE<\/p>\n<p>Beide gleichen Namens,dem einer nicht entspricht.Einer voll Bewegung,der andre r\u00fchrt sich nicht.<\/p>\n<p><a class=\"accordion-toggle collapsed\" data-toggle=\"collapse\" data-parent=\"#accordion-thinkupshortcodesaccordion232\" href=\"#thinkupshortcodesaccordion232-0\">ANTWORT<\/a>L\u00c4UFER<\/p>\n<p>Das erste eine InselIn einer gro\u00dfen See.Zweites sind mehr Mahnung,f\u00fcr\u2019s Tun, was nicht okay.<\/p>\n<p><a class=\"accordion-toggle collapsed\" data-toggle=\"collapse\" data-parent=\"#accordion-thinkupshortcodesaccordion233\" href=\"#thinkupshortcodesaccordion233-0\">ANTWORT<\/a>R\u00dcGEN (INSEL) | r\u00fcgen<\/p>\n<p>\u00a0<\/p>\n<p>Klein \u201er\u201c kann gro\u00df \u201eR\u201c belasten,gro\u00df \u201eR\u201c kannst du betasten.Das kleine \u201er\u201c musst du vollf\u00fchrenUnd kannst dabei gro\u00df \u201eR\u201c versp\u00fcren.<\/p>\n<p><a class=\"accordion-toggle collapsed\" data-toggle=\"collapse\" data-parent=\"#accordion-thinkupshortcodesaccordion234\" href=\"#thinkupshortcodesaccordion234-0\">ANTWORT<\/a>DER R\u00dcCKEN | (etwas) r\u00fccken<\/p>\n<p>Eins wird kunstvoll gemacht,zwei ist eine wahre Pracht.Umsonst ist beider M\u00fchen,sie werden stets verbl\u00fchen.<\/p>\n<p><a class=\"accordion-toggle collapsed\" data-toggle=\"collapse\" data-parent=\"#accordion-thinkupshortcodesaccordion235\" href=\"#thinkupshortcodesaccordion235-0\">ANTWORT<\/a>(GEF\u00c4LSCHTES GELD) BL\u00dcTE | BL\u00dcTE (DER PFLANZE)<\/p>\n<p>Vier habe ich gefunden, die Namen gleich,alle verbindet unser Alltagsreich.Das eine verwehrt den Weg zum Ziel.Zwei geh\u00f6rt zu Sport und Spiel.\u00dcber vier l\u00e4sst sich lachen oder weinen,welches vierfache Wort werde ich wohl meinen?<\/p>\n<p><a class=\"accordion-toggle collapsed\" data-toggle=\"collapse\" data-parent=\"#accordion-thinkupshortcodesaccordion236\" href=\"#thinkupshortcodesaccordion236-0\">ANTWORT<\/a>TOR (EINGANG) (WO DAS RUNDE IN DAS ECKIGE MUSS) (WO DAS RUNDE INS ECKIGE TRAF) (NARR)<\/p>\n<p>\u00a0Der 1. ist ein Mensch, wie du;schaut gerne in die Ferne.Dem 2. schaut man einfach zu,blickt in die Ferne gerne.<\/p>\n<p><a class=\"accordion-toggle collapsed\" data-toggle=\"collapse\" data-parent=\"#accordion-thinkupshortcodesaccordion237\" href=\"#thinkupshortcodesaccordion237-0\">ANTWORT<\/a>FERNSEHER<\/p>\n<p>Eins bedeutet ohne Mut,l\u00e4sst sich niemals essen.Zwei dagegen schmeckt sehr gut,und l\u00e4sst eins vergessen.<\/p>\n<p><a class=\"accordion-toggle collapsed\" data-toggle=\"collapse\" data-parent=\"#accordion-thinkupshortcodesaccordion238\" href=\"#thinkupshortcodesaccordion238-0\">ANTWORT<\/a>FEIGE<\/p>\n<p>Zwei Begriffe, ein Name,beide sind Menschen eigen.Wirkt das eine mehr schamhaft,l\u00e4sst sich bei zwei nichts zeigen.<\/p>\n<p><a class=\"accordion-toggle collapsed\" data-toggle=\"collapse\" data-parent=\"#accordion-thinkupshortcodesaccordion239\" href=\"#thinkupshortcodesaccordion239-0\">ANTWORT<\/a>VERLEGEN (SEIN) | (ETWAS) VERLEGEN<\/p>\n<p>Beide werden gleich geschrieben,sind jedoch total verschieden.K\u00f6nnen Kopfschmerzen bereiten,\u00fcber beide l\u00e4sst sich streiten.<\/p>\n<p>Erstes ist, wird ewig bleibenZweiter macht&#8217;s zum Zeit vertreiben.Die L\u00f6sung: Ratschlag zum Gebrauch!Wette mit mir, dann bist du&#8217;s auch.<\/p>\n<p><a class=\"accordion-toggle collapsed\" data-toggle=\"collapse\" data-parent=\"#accordion-thinkupshortcodesaccordion240\" href=\"#thinkupshortcodesaccordion240-0\">ANTWORT<\/a>DAS WETTER | DER WETTER<\/p>\n<p>DIE hei\u00dft wie DAS!Was ist DIE? \u2013 Eine Zahl!Du hast die Qual.Denn DAS? \u2013 Trennt etwas!<\/p>\n<p><a class=\"accordion-toggle collapsed\" data-toggle=\"collapse\" data-parent=\"#accordion-thinkupshortcodesaccordion241\" href=\"#thinkupshortcodesaccordion241-0\">ANTWORT<\/a>DIE ZAHL SIEBEN | SIEBEN ALS TRENNEN VON DINGEN<\/p>\n<p>An manchem sch\u00f6nen Sommerabend,die beiden aufeinander treffen.Die einen musizieren schabend,das zweite dient dem guten Essen.<\/p>\n<p><a class=\"accordion-toggle collapsed\" data-toggle=\"collapse\" data-parent=\"#accordion-thinkupshortcodesaccordion242\" href=\"#thinkupshortcodesaccordion242-0\">ANTWORT<\/a>DIE GRILLEN | DAS GRILLEN<\/p>\n<p>Das Erste ist rund,doch niemals ein Ball.Das Zweite betagt.Was wird hier erfragt?<\/p>\n<p><a class=\"accordion-toggle collapsed\" data-toggle=\"collapse\" data-parent=\"#accordion-thinkupshortcodesaccordion243\" href=\"#thinkupshortcodesaccordion243-0\">ANTWORT<\/a>DER KREIS | DER GREIS<\/p>\n<p>&nbsp;<\/p>\n","protected":false},"excerpt":{"rendered":"<p>&nbsp; Homonyme, sind Worte, die gleich geschrieben und gesprochen werden, aber verschiedene Bedeutungen haben. &nbsp;&nbsp;&nbsp;&nbsp; Es gibt vier mit gleichem Namen,ich r\u00e4tsle, wie die dazu kamen?Ein Beamter tr\u00e4gt ihn stolz,auch so mancher Funktion\u00e4r.Ein Vogel auch! \u2013 doch ist das fair?Ich sitz\u2019 an einem ganz aus Holz. ANTWORTSEKRET\u00c4R Beide segeln durch die Welt,unter gleichem Namen.Der eine [&hellip;]<\/p>\n","protected":false},"author":1,"featured_media":0,"parent":0,"menu_order":0,"comment_status":"open","ping_status":"open","template":"","meta":[],"categories":[],"tags":[],"_links":{"self":[{"href":"http:\/\/www.derfaulepoet.de\/index.php?rest_route=\/wp\/v2\/pages\/1637"}],"collection":[{"href":"http:\/\/www.derfaulepoet.de\/index.php?rest_route=\/wp\/v2\/pages"}],"about":[{"href":"http:\/\/www.derfaulepoet.de\/index.php?rest_route=\/wp\/v2\/types\/page"}],"author":[{"embeddable":true,"href":"http:\/\/www.derfaulepoet.de\/index.php?rest_route=\/wp\/v2\/users\/1"}],"replies":[{"embeddable":true,"href":"http:\/\/www.derfaulepoet.de\/index.php?rest_route=%2Fwp%2Fv2%2Fcomments&post=1637"}],"version-history":[{"count":17,"href":"http:\/\/www.derfaulepoet.de\/index.php?rest_route=\/wp\/v2\/pages\/1637\/revisions"}],"predecessor-version":[{"id":1991,"href":"http:\/\/www.derfaulepoet.de\/index.php?rest_route=\/wp\/v2\/pages\/1637\/revisions\/1991"}],"wp:attachment":[{"href":"http:\/\/www.derfaulepoet.de\/index.php?rest_route=%2Fwp%2Fv2%2Fmedia&parent=1637"}],"wp:term":[{"taxonomy":"category","embeddable":true,"href":"http:\/\/www.derfaulepoet.de\/index.php?rest_route=%2Fwp%2Fv2%2Fcategories&post=1637"},{"taxonomy":"post_tag","embeddable":true,"href":"http:\/\/www.derfaulepoet.de\/index.php?rest_route=%2Fwp%2Fv2%2Ftags&post=1637"}],"curies":[{"name":"wp","href":"https:\/\/api.w.org\/{rel}","templated":true}]}}