{"id":1633,"date":"2015-04-09T11:33:07","date_gmt":"2015-04-09T09:33:07","guid":{"rendered":"http:\/\/www.derfaulepoet.de\/?page_id=1633"},"modified":"2015-05-13T22:59:04","modified_gmt":"2015-05-13T20:59:04","slug":"scharade","status":"publish","type":"page","link":"http:\/\/www.derfaulepoet.de\/?page_id=1633","title":{"rendered":"SCHARADE"},"content":{"rendered":"<p>&nbsp;<\/p>\n<p>Als Scharade (franz. charade) bezeichnet man ein Doppel- oder Dreifachr\u00e4tsel, bei dem das L\u00f6sungswort in sinnvolle Silben zerlegt wird, die getrennt verr\u00e4tselt werden.<\/p>\n<p>Ein bekanntes Beispiel bildet das Wort Sau-er-kraut.<\/p>\n<p>&nbsp;&nbsp;&nbsp;&nbsp;<\/p>\n<p>Was viele suchen, Silbe eins,es liegt in zwei verschlossen.Der Finder ruft: Ist alles meins!Fehlt eins, ist er verdrossen.<\/p>\n<p><a class=\"accordion-toggle collapsed\" data-toggle=\"collapse\" data-parent=\"#accordion-thinkupshortcodesaccordion214\" href=\"#thinkupshortcodesaccordion214-0\">ANTWORT<\/a>SCHATZ + TRUHE = SCHATZTRUHE<\/p>\n<p>\u00a0<\/p>\n<p>Das erste hei\u00dft verschlossen,zwei gilt als Deklination.Beide vereint, w\u00f6rtlich geschlossen,gibt es nicht in jeder Situation.<\/p>\n<p><a class=\"accordion-toggle collapsed\" data-toggle=\"collapse\" data-parent=\"#accordion-thinkupshortcodesaccordion215\" href=\"#thinkupshortcodesaccordion215-0\">ANTWORT<\/a>ZU und FALL | ZUFALL<\/p>\n<p>Drei Dinge hier auf Erden,zu einer Einheit werden,wer sie zusammenf\u00fcgt.<\/p>\n<p>Das erste l\u00e4sst sich weben, stricken,das zweite schwei\u00dfen, biegen, knicken.Das dritte sch\u00fctzt oft Haus und Hof.(Wer das nicht raus kriegt, der ist \u2026?)<\/p>\n<p><a class=\"accordion-toggle collapsed\" data-toggle=\"collapse\" data-parent=\"#accordion-thinkupshortcodesaccordion216\" href=\"#thinkupshortcodesaccordion216-0\">ANTWORT<\/a>MASCHEN-DRAHT-ZAUN<\/p>\n<p>Das eine ist s\u00fc\u00df,das Zweite Pflanze.Zusammen ergibtbeides das Ganze.<\/p>\n<p style=\"text-align: left\"><a class=\"accordion-toggle collapsed\" data-toggle=\"collapse\" data-parent=\"#accordion-thinkupshortcodesaccordion217\" href=\"#thinkupshortcodesaccordion217-0\">ANTWORT<\/a>ZUCKER+ERBSE=ZUCKERERBSE<\/p>\n<p style=\"text-align: left\">Zahlwort heiratet K\u00fcchenger\u00e4t.Welche Speise wohl entsteht?<\/p>\n<p><a class=\"accordion-toggle collapsed\" data-toggle=\"collapse\" data-parent=\"#accordion-thinkupshortcodesaccordion218\" href=\"#thinkupshortcodesaccordion218-0\">ANTWORT<\/a>EIN+TOPF=EINTOPF<\/p>\n<p>Das erste Wort hei\u00dft sauer,ein Gewebe Silbe zwei.Zusammen dann genauer,im Leben stets dabei.<\/p>\n<p><a class=\"accordion-toggle collapsed\" data-toggle=\"collapse\" data-parent=\"#accordion-thinkupshortcodesaccordion219\" href=\"#thinkupshortcodesaccordion219-0\">ANTWORT<\/a>SAUER + STOFF = SAUERSTOFFHimmelsrichtungplus Gew\u00e4sser,drittes liegt davor.<a class=\"accordion-toggle collapsed\" data-toggle=\"collapse\" data-parent=\"#accordion-thinkupshortcodesaccordion220\" href=\"#thinkupshortcodesaccordion220-0\">ANTWORT<\/a>OST + SEE + STRAND = OSTSEESTRANDDrei Worte braucht das Ganze,zum Werden einer Pflanze.Die Ersten lieben B\u00e4ume,zwei sind B\u00e4ckers Tr\u00e4ume,drei geh\u00f6rt zu jedem Wald,wird hundert Jahre alt.<\/p>\n<p><a class=\"accordion-toggle collapsed\" data-toggle=\"collapse\" data-parent=\"#accordion-thinkupshortcodesaccordion221\" href=\"#thinkupshortcodesaccordion221-0\">ANTWORT<\/a>AFFEN &#8211; BROT &#8211; BAUM = AFFENBROTBAUM<\/p>\n<p>Das zweite Wort geh\u00f6rt zum Baum.B\u00e4ume interessiert das nicht.Stehen beid\u2019 verkehrt im Raum,stolz der Hundez\u00fcchter spricht.<\/p>\n<p><a class=\"accordion-toggle collapsed\" data-toggle=\"collapse\" data-parent=\"#accordion-thinkupshortcodesaccordion222\" href=\"#thinkupshortcodesaccordion222-0\">ANTWORT<\/a>BAUM + STAMM = BAUMSTAMM + STAMMBAUM<\/p>\n<p>Eins dem Wohnen vorbehalten,zwei kann F\u00fc\u00dfe sch\u00f6n gestalten.Und zusammen beide sagen:Sind im Freien nicht zu tragen.<\/p>\n<p><a class=\"accordion-toggle collapsed\" data-toggle=\"collapse\" data-parent=\"#accordion-thinkupshortcodesaccordion223\" href=\"#thinkupshortcodesaccordion223-0\">ANTWORT<\/a>HAUS + SCHUHE = HAUSSCHUHE<\/p>\n<p>Eins ist ein Latsch und niemals Hut.Zwei wird verehrt f\u00fcr seinen Mut.Gemeinsam bilden sie ein Wort,in dem steht zwei und ist doch fort.<\/p>\n<p><a class=\"accordion-toggle collapsed\" data-toggle=\"collapse\" data-parent=\"#accordion-thinkupshortcodesaccordion224\" href=\"#thinkupshortcodesaccordion224-0\">ANTWORT<\/a>PANTOFFEL + HELD = PANTOFFELHELD<\/p>\n<p>Dieser Ort besitzt f\u00fcnf Silben,ist Metall, Behausung und auch Stadt.Das ergibt dann einen Namen,den wohl keine zweite weltweit hat.<\/p>\n<p><a class=\"accordion-toggle collapsed\" data-toggle=\"collapse\" data-parent=\"#accordion-thinkupshortcodesaccordion225\" href=\"#thinkupshortcodesaccordion225-0\">ANTWORT<\/a>EISEN + H\u00dcTTEN + STADT = EISENH\u00dcTTENSTADT<\/p>\n<p>Das erste, gro\u00dfe Wort schmeckt salzig,im R\u00e4tsel bleibt es doch nicht so.Verm\u00e4hle eins mit einer Pflanze.So ergibt das neue Ganze:Eine scharfe Gem\u00fcsepflanze.<\/p>\n<p><a class=\"accordion-toggle collapsed\" data-toggle=\"collapse\" data-parent=\"#accordion-thinkupshortcodesaccordion226\" href=\"#thinkupshortcodesaccordion226-0\">ANTWORT<\/a>MEER + RETTICH = MEERRETTICH<\/p>\n<p>Drei einzelne Worte werden zum Kinde,in dem ich einfach drei Worte verbinde:Vorne steht, nicht unbedeutend eine Zahl,es folgt ein Milchprodukt unz\u00e4hlig die Wahl.Der Schluss geht nach oben, weit hinauf,wie hei\u00dft die L\u00f6sung? Wer kommt darauf?<\/p>\n<p><a class=\"accordion-toggle collapsed\" data-toggle=\"collapse\" data-parent=\"#accordion-thinkupshortcodesaccordion227\" href=\"#thinkupshortcodesaccordion227-0\">ANTWORT<\/a>DREI &#8211; K\u00c4SE &#8211; HOCH<\/p>\n<p>&nbsp;<\/p>\n","protected":false},"excerpt":{"rendered":"<p>&nbsp; Als Scharade (franz. charade) bezeichnet man ein Doppel- oder Dreifachr\u00e4tsel, bei dem das L\u00f6sungswort in sinnvolle Silben zerlegt wird, die getrennt verr\u00e4tselt werden. Ein bekanntes Beispiel bildet das Wort Sau-er-kraut. &nbsp;&nbsp;&nbsp;&nbsp; Was viele suchen, Silbe eins,es liegt in zwei verschlossen.Der Finder ruft: Ist alles meins!Fehlt eins, ist er verdrossen. ANTWORTSCHATZ + TRUHE = SCHATZTRUHE [&hellip;]<\/p>\n","protected":false},"author":1,"featured_media":0,"parent":0,"menu_order":0,"comment_status":"open","ping_status":"open","template":"","meta":[],"categories":[],"tags":[],"_links":{"self":[{"href":"http:\/\/www.derfaulepoet.de\/index.php?rest_route=\/wp\/v2\/pages\/1633"}],"collection":[{"href":"http:\/\/www.derfaulepoet.de\/index.php?rest_route=\/wp\/v2\/pages"}],"about":[{"href":"http:\/\/www.derfaulepoet.de\/index.php?rest_route=\/wp\/v2\/types\/page"}],"author":[{"embeddable":true,"href":"http:\/\/www.derfaulepoet.de\/index.php?rest_route=\/wp\/v2\/users\/1"}],"replies":[{"embeddable":true,"href":"http:\/\/www.derfaulepoet.de\/index.php?rest_route=%2Fwp%2Fv2%2Fcomments&post=1633"}],"version-history":[{"count":8,"href":"http:\/\/www.derfaulepoet.de\/index.php?rest_route=\/wp\/v2\/pages\/1633\/revisions"}],"predecessor-version":[{"id":2012,"href":"http:\/\/www.derfaulepoet.de\/index.php?rest_route=\/wp\/v2\/pages\/1633\/revisions\/2012"}],"wp:attachment":[{"href":"http:\/\/www.derfaulepoet.de\/index.php?rest_route=%2Fwp%2Fv2%2Fmedia&parent=1633"}],"wp:term":[{"taxonomy":"category","embeddable":true,"href":"http:\/\/www.derfaulepoet.de\/index.php?rest_route=%2Fwp%2Fv2%2Fcategories&post=1633"},{"taxonomy":"post_tag","embeddable":true,"href":"http:\/\/www.derfaulepoet.de\/index.php?rest_route=%2Fwp%2Fv2%2Ftags&post=1633"}],"curies":[{"name":"wp","href":"https:\/\/api.w.org\/{rel}","templated":true}]}}