{"id":1631,"date":"2015-04-09T11:32:32","date_gmt":"2015-04-09T09:32:32","guid":{"rendered":"http:\/\/www.derfaulepoet.de\/?page_id=1631"},"modified":"2019-01-09T00:53:17","modified_gmt":"2019-01-08T22:53:17","slug":"bruecken-wort-raetsel","status":"publish","type":"page","link":"http:\/\/www.derfaulepoet.de\/?page_id=1631","title":{"rendered":"BR\u00dcCKEN-WORT-R\u00c4TSEL"},"content":{"rendered":"<p>&nbsp;<\/p>\n<h4>Schlage eine Wortbr\u00fccke zwischen die zwei vorgegebenen W\u00f6rter, so dass das eingef\u00fcgte Wort sowohl das linke Wort erg\u00e4nzt und dem rechten Wort vorangestellt wird.<\/h4>\n<p>Es m\u00fcssen jeweils sinnvolle W\u00f6rter entstehen. (Das gesuchte Wort kann Einzahl oder Mehrzahl sein.)Beispiel: Balkon \u2013 Br\u00fcckenwort \u2013 Strau\u00dfDas gesuchte Br\u00fcckenwort ist: Blumen.Die L\u00f6sungen hei\u00dfen demzufolge: Balkonblumen und Blumenstrau\u00df\u00a0Aber Achtung und nicht irritieren lassen, es gibt auch zahlreiche Br\u00fccken-Wort-R\u00e4tsel, die links und rechts das gleiche Wort beinhalten.\u00a0Beispiel: Dach \u2013 Br\u00fcckenwort \u2013 DachDas gesuchte Br\u00fcckenwort ist: ZiegelDie L\u00f6sungen hei\u00dfen dann: Dachziegel und Ziegeldach&nbsp;&nbsp;&nbsp;&nbsp;<\/p>\n<p style=\"text-align: center;\"><a href=\"http:\/\/www.derfaulepoet.de\/wp-content\/uploads\/2014\/01\/R\u00e4tsel-01.jpg\"><img loading=\"lazy\" class=\"alignnone size-full wp-image-1522\" src=\"http:\/\/www.derfaulepoet.de\/wp-content\/uploads\/2014\/01\/R\u00e4tsel-01.jpg\" alt=\"BR\u00dcCKEN-WORT-R\u00c4TSEL\" width=\"704\" height=\"354\" srcset=\"http:\/\/www.derfaulepoet.de\/wp-content\/uploads\/2014\/01\/R\u00e4tsel-01.jpg 704w, http:\/\/www.derfaulepoet.de\/wp-content\/uploads\/2014\/01\/R\u00e4tsel-01-300x150.jpg 300w\" sizes=\"(max-width: 704px) 100vw, 704px\" \/><\/a><\/p>\n<p style=\"text-align: left;\"><a class=\"accordion-toggle collapsed\" data-toggle=\"collapse\" data-parent=\"#accordion-thinkupshortcodesaccordion21\" href=\"#thinkupshortcodesaccordion21-0\">ANTWORT<\/a>BRAND | ROT | PLATTEN | BAND | LAUF | REISE | KLAMMER | ZEUG | SCHUH | BAHN\u00a0<\/p>\n<p>&nbsp;&nbsp;<\/p>\n<p style=\"text-align: center;\"><a href=\"http:\/\/www.derfaulepoet.de\/wp-content\/uploads\/2014\/01\/R\u00e4tsel-02.jpg\"><img loading=\"lazy\" class=\"alignnone size-full wp-image-1527\" src=\"http:\/\/www.derfaulepoet.de\/wp-content\/uploads\/2014\/01\/R\u00e4tsel-02.jpg\" alt=\"BR\u00dcCKEN-WORT-R\u00c4TSEL\" width=\"700\" height=\"357\" srcset=\"http:\/\/www.derfaulepoet.de\/wp-content\/uploads\/2014\/01\/R\u00e4tsel-02.jpg 700w, http:\/\/www.derfaulepoet.de\/wp-content\/uploads\/2014\/01\/R\u00e4tsel-02-300x153.jpg 300w\" sizes=\"(max-width: 700px) 100vw, 700px\" \/><\/a><\/p>\n<p><a class=\"accordion-toggle collapsed\" data-toggle=\"collapse\" data-parent=\"#accordion-thinkupshortcodesaccordion23\" href=\"#thinkupshortcodesaccordion23-0\">ANTWORT<\/a>TOPF | SCHWARZ | BOGEN | SCHRITT | SEIL | NOTIZ | SCHUTZ | SCHIFF | STEIN | KOCH<\/p>\n<p>&nbsp;&nbsp;&nbsp;&nbsp;Garten?AnschlussSchnee?SaalDach?DachPunkt?ErgebnisWand?WandWelt?GestalterWasser?WasserNudel?WareEis?PunktHand?HandLicht?SchrankStahl?StahlSpiel?SpielKlein?LosWeg?PostenFinger?FingerAllein?ArtGurken?GurkenLager?Bad<\/p>\n<p style=\"text-align: left;\"><a class=\"accordion-toggle collapsed\" data-toggle=\"collapse\" data-parent=\"#accordion-thinkupshortcodesaccordion25\" href=\"#thinkupshortcodesaccordion25-0\">ANTWORT<\/a>SCHLAUCH | BALL | ZIEGEL | SPIEL | SCHRANK | RAUM | FLECKEN | TEIG | ZEIT | SCHLAG | SCHALTER | BAND | BALL | LAUT | STRECKEN | RING | GANG | SALAT | HALLEN\u00a0<\/p>\n<p>&nbsp;&nbsp;&nbsp;&nbsp;Eis?EisTaschen?MacherRosen?RosenUmschlag?BeckenKnopf?KnopfMoment?ScheinFlaschen?FlaschenAbend?BettKaffee?KaffeeErgebnis?SpielSalat?SalatMenschen?VollB\u00fccher?B\u00fccherTeppich?BogenHenkel?HenkelGeb\u00fchren?PlanHindernis?HindernisRund?PlatzMusik?Musik<\/p>\n<p style=\"text-align: left;\"><a class=\"accordion-toggle collapsed\" data-toggle=\"collapse\" data-parent=\"#accordion-thinkupshortcodesaccordion27\" href=\"#thinkupshortcodesaccordion27-0\">ANTWORT<\/a>WAFFEL | UHR | STOCK | HAFEN | DRUCK | AUFNAHME | BIER | HIMMEL |PULVER | TIPP | BLATT | W\u00dcRDE | BORD | MUSTER | TASCHEN | REFORM | LAUF | SCHALL| HAUS\u00a0<\/p>\n<p>&nbsp;&nbsp;&nbsp;&nbsp;Loch?WurmBlut?HofStrand?SchuhStein?BauRund?BusSpiel?HausAbend?BarschHaus?CremeSonnen?MahlB\u00fcro?AffeLauf?MacherJacken?JackeVeilchen?WalRaben?BrotSpiel?RolleFlammen?TagRau?Gl\u00e4tteBlumen?BlumeZitronen?SuchtFenster?KetteHand?BaumSpiel?WartSpring?BahnTechnik?PlatzSegel?BauSpiel?HirschHecken?H\u00fctteKaffee?MusikRand?BuchRegen?Sch\u00fctze<\/p>\n<p style=\"text-align: left;\"><a class=\"accordion-toggle collapsed\" data-toggle=\"collapse\" data-parent=\"#accordion-thinkupshortcodesaccordion29\" href=\"#thinkupshortcodesaccordion29-0\">ANTWORT<\/a>BAND | BAHN | LAUF | PLATTEN | REISE | ZEUG | ROT | SCHUH | BRAND | KLAMMER | SCHRITT | BUND | BLAU | SCHWARZ | FILM | WERFER | REIF | TOPF | GELB | LADEN | SCHLAG | PLATZ | SEIL | MARKT | SCHIFF | PLATZ | SCHUTZ | HAUS | NOTIZ | BOGEN\u00a0<\/p>\n<p>&nbsp;<\/p>\n","protected":false},"excerpt":{"rendered":"<p>&nbsp; Schlage eine Wortbr\u00fccke zwischen die zwei vorgegebenen W\u00f6rter, so dass das eingef\u00fcgte Wort sowohl das linke Wort erg\u00e4nzt und dem rechten Wort vorangestellt wird. Es m\u00fcssen jeweils sinnvolle W\u00f6rter entstehen. (Das gesuchte Wort kann Einzahl oder Mehrzahl sein.)Beispiel: Balkon \u2013 Br\u00fcckenwort \u2013 Strau\u00dfDas gesuchte Br\u00fcckenwort ist: Blumen.Die L\u00f6sungen hei\u00dfen demzufolge: Balkonblumen und Blumenstrau\u00df\u00a0Aber Achtung [&hellip;]<\/p>\n","protected":false},"author":1,"featured_media":0,"parent":0,"menu_order":0,"comment_status":"open","ping_status":"open","template":"","meta":[],"categories":[],"tags":[],"_links":{"self":[{"href":"http:\/\/www.derfaulepoet.de\/index.php?rest_route=\/wp\/v2\/pages\/1631"}],"collection":[{"href":"http:\/\/www.derfaulepoet.de\/index.php?rest_route=\/wp\/v2\/pages"}],"about":[{"href":"http:\/\/www.derfaulepoet.de\/index.php?rest_route=\/wp\/v2\/types\/page"}],"author":[{"embeddable":true,"href":"http:\/\/www.derfaulepoet.de\/index.php?rest_route=\/wp\/v2\/users\/1"}],"replies":[{"embeddable":true,"href":"http:\/\/www.derfaulepoet.de\/index.php?rest_route=%2Fwp%2Fv2%2Fcomments&post=1631"}],"version-history":[{"count":33,"href":"http:\/\/www.derfaulepoet.de\/index.php?rest_route=\/wp\/v2\/pages\/1631\/revisions"}],"predecessor-version":[{"id":2079,"href":"http:\/\/www.derfaulepoet.de\/index.php?rest_route=\/wp\/v2\/pages\/1631\/revisions\/2079"}],"wp:attachment":[{"href":"http:\/\/www.derfaulepoet.de\/index.php?rest_route=%2Fwp%2Fv2%2Fmedia&parent=1631"}],"wp:term":[{"taxonomy":"category","embeddable":true,"href":"http:\/\/www.derfaulepoet.de\/index.php?rest_route=%2Fwp%2Fv2%2Fcategories&post=1631"},{"taxonomy":"post_tag","embeddable":true,"href":"http:\/\/www.derfaulepoet.de\/index.php?rest_route=%2Fwp%2Fv2%2Ftags&post=1631"}],"curies":[{"name":"wp","href":"https:\/\/api.w.org\/{rel}","templated":true}]}}