{"id":1629,"date":"2015-04-09T11:30:31","date_gmt":"2015-04-09T09:30:31","guid":{"rendered":"http:\/\/www.derfaulepoet.de\/?page_id=1629"},"modified":"2015-05-13T14:48:35","modified_gmt":"2015-05-13T12:48:35","slug":"unsinn-nonsens-scherzraetsel","status":"publish","type":"page","link":"http:\/\/www.derfaulepoet.de\/?page_id=1629","title":{"rendered":"UNSINN-, NONSENS-, SCHERZR\u00c4TSEL"},"content":{"rendered":"<p>&nbsp;<\/p>\n<p>Diese R\u00e4tsel sind, wie die Namen bereits schon sagen, nicht ganz ernst gemeint.Sie sind Teil des weiten Spektrums der Scherz- und Nonsenspoesie, zu der auch Klapphornferse, Leberreime, Limerick und andere geh\u00f6ren.Diese R\u00e4tsel sind an keine bestimmte Form gebunden, wie jeder hier sehen kann.<\/p>\n<p>Zwei Beispiele:<strong>7 \u2013 Worte im Gleichklang oder sch\u00f6ner Nonsens<\/strong><\/p>\n<p>Jeder kann die Worte finden,ohne dass er zaubert, hext,wenn er die gesuchten Silbenvervollst\u00e4ndigt im Text:<\/p>\n<p>M&#8230;..im B&#8230;..von H&#8230;..lief mit einer K&#8230;..statt zur W&#8230;..gegen eine T&#8230;.. .So etwas nennt man P&#8230;.. .<\/p>\n<p><a class=\"accordion-toggle collapsed\" data-toggle=\"collapse\" data-parent=\"#accordion-thinkupshortcodesaccordion21\" href=\"#thinkupshortcodesaccordion21-0\">ANTWORT<\/a>&#8230; anne<\/p>\n<p>&nbsp;&nbsp;&nbsp;&nbsp;<\/p>\n<p><img loading=\"lazy\" class=\"aligncenter\" title=\"Wer legt die Eier?\" src=\"http:\/\/www.derfaulepoet.de\/Bilder\/Eierleger.jpg\" alt=\"\" width=\"460\" height=\"345\" \/><\/p>\n<p style=\"text-align: center;\">Wer legt hier wohl die Eier?<\/p>\n<p>&nbsp;&nbsp;&nbsp;&nbsp;<\/p>\n<p>Warum wurden Eierbecher erfunden?<\/p>\n<p><a class=\"accordion-toggle collapsed\" data-toggle=\"collapse\" data-parent=\"#accordion-thinkupshortcodesaccordion236\" href=\"#thinkupshortcodesaccordion236-0\">ANTWORT<\/a>Weil H\u00fchner zu doof sind, Bechereier zu legen.<\/p>\n<p>\u00a0<\/p>\n<p>Wie kannst du Wasser im Sieb tragen?\u00a0<\/p>\n<p><a class=\"accordion-toggle collapsed\" data-toggle=\"collapse\" data-parent=\"#accordion-thinkupshortcodesaccordion237\" href=\"#thinkupshortcodesaccordion237-0\">ANTWORT<\/a>In Form von Eis.<\/p>\n<p>\u00a0<\/p>\n<p>Wie hei\u00dft das gen\u00fcgsamste Tier?\u00a0<\/p>\n<p><a class=\"accordion-toggle collapsed\" data-toggle=\"collapse\" data-parent=\"#accordion-thinkupshortcodesaccordion238\" href=\"#thinkupshortcodesaccordion238-0\">ANTWORT<\/a>Die Motte, sie fri\u00dft L\u00f6cher.<\/p>\n<p>\u00a0<\/p>\n<p>Welcher Abend kann schon am Morgen beginnen?\u00a0<\/p>\n<p><a class=\"accordion-toggle collapsed\" data-toggle=\"collapse\" data-parent=\"#accordion-thinkupshortcodesaccordion239\" href=\"#thinkupshortcodesaccordion239-0\">ANTWORT<\/a>Feierabend<\/p>\n<p>\u00a0<\/p>\n<p>Warum kann ein Pferd kein Schneider sein?\u00a0<\/p>\n<p><a class=\"accordion-toggle collapsed\" data-toggle=\"collapse\" data-parent=\"#accordion-thinkupshortcodesaccordion240\" href=\"#thinkupshortcodesaccordion240-0\">ANTWORT<\/a>Das Pfed fri\u00dft das Futter auf.<\/p>\n<p>\u00a0<\/p>\n<p>Welche Ware der Bekleidungsindustrie findet wohl die meisten Abnehmer?\u00a0\u00a0<\/p>\n<p><a class=\"accordion-toggle collapsed\" data-toggle=\"collapse\" data-parent=\"#accordion-thinkupshortcodesaccordion241\" href=\"#thinkupshortcodesaccordion241-0\">ANTWORT<\/a>Der Hut.<\/p>\n<p>\u00a0<\/p>\n<p>Wer hat H\u00fchneraugen am Kopf?\u00a0<\/p>\n<p><a class=\"accordion-toggle collapsed\" data-toggle=\"collapse\" data-parent=\"#accordion-thinkupshortcodesaccordion242\" href=\"#thinkupshortcodesaccordion242-0\">ANTWORT<\/a>Das Huhn.<\/p>\n<p>\u00a0<\/p>\n<p>Was kannst du nicht mit einem Wort ausdr\u00fccken?\u00a0<\/p>\n<p><a class=\"accordion-toggle collapsed\" data-toggle=\"collapse\" data-parent=\"#accordion-thinkupshortcodesaccordion243\" href=\"#thinkupshortcodesaccordion243-0\">ANTWORT<\/a>Der Schwamm.<\/p>\n<p>\u00a0<\/p>\n<p>Welches Gewicht musst du mindestens aufbringen, um \u00fcberhaupt zu einer Waage gehen zu k\u00f6nnen?\u00a0<\/p>\n<p><a class=\"accordion-toggle collapsed\" data-toggle=\"collapse\" data-parent=\"#accordion-thinkupshortcodesaccordion244\" href=\"#thinkupshortcodesaccordion244-0\">ANTWORT<\/a>Das Gleichgewicht.<\/p>\n<p>\u00a0<\/p>\n<p>Bei welchem K\u00f6rperteil ist alles umgekehrt?\u00a0\u00a0<\/p>\n<p><a class=\"accordion-toggle collapsed\" data-toggle=\"collapse\" data-parent=\"#accordion-thinkupshortcodesaccordion245\" href=\"#thinkupshortcodesaccordion245-0\">ANTWORT<\/a>Die Nase. Sie hat den R\u00fccken vorn, die Fl\u00fcgel unten, die Wurzel oben.<\/p>\n<p>\u00a0<\/p>\n<p>Was steht mitten in Leipzig?\u00a0<\/p>\n<p><a class=\"accordion-toggle collapsed\" data-toggle=\"collapse\" data-parent=\"#accordion-thinkupshortcodesaccordion246\" href=\"#thinkupshortcodesaccordion246-0\">ANTWORT<\/a>Das P.<\/p>\n<p>\u00a0<\/p>\n<p>Welche Krankheit erlebte noch kein Land?\u00a0<\/p>\n<p><a class=\"accordion-toggle collapsed\" data-toggle=\"collapse\" data-parent=\"#accordion-thinkupshortcodesaccordion247\" href=\"#thinkupshortcodesaccordion247-0\">ANTWORT<\/a>Die Seekrankheit.<\/p>\n<p>\u00a0<\/p>\n<p>Wer hat die meisten Reisen um die Erde gemacht?\u00a0<\/p>\n<p><a class=\"accordion-toggle collapsed\" data-toggle=\"collapse\" data-parent=\"#accordion-thinkupshortcodesaccordion248\" href=\"#thinkupshortcodesaccordion248-0\">ANTWORT<\/a>Der Mond.<\/p>\n<p>\u00a0<\/p>\n<p>Welchen Spiegel zerst\u00f6rt jeder Wind?\u00a0<\/p>\n<p><a class=\"accordion-toggle collapsed\" data-toggle=\"collapse\" data-parent=\"#accordion-thinkupshortcodesaccordion249\" href=\"#thinkupshortcodesaccordion249-0\">ANTWORT<\/a>Den Wasserspiegel.<\/p>\n<p>\u00a0<\/p>\n<p>Welcher Schl\u00fcssel \u00f6ffnet kein Schloss?\u00a0<\/p>\n<p><a class=\"accordion-toggle collapsed\" data-toggle=\"collapse\" data-parent=\"#accordion-thinkupshortcodesaccordion250\" href=\"#thinkupshortcodesaccordion250-0\">ANTWORT<\/a>Der Notenschl\u00fcssel.<\/p>\n<p>\u00a0<\/p>\n<p>Welcher Vielfra\u00df frisst Eisen, ohne sich den Magen zu verderben?\u00a0<\/p>\n<p><a class=\"accordion-toggle collapsed\" data-toggle=\"collapse\" data-parent=\"#accordion-thinkupshortcodesaccordion251\" href=\"#thinkupshortcodesaccordion251-0\">ANTWORT<\/a>Der Rost.<\/p>\n<p>\u00a0<\/p>\n<p>Wer l\u00e4sst sich nie von der Sonne bescheinen?\u00a0<\/p>\n<p><a class=\"accordion-toggle collapsed\" data-toggle=\"collapse\" data-parent=\"#accordion-thinkupshortcodesaccordion252\" href=\"#thinkupshortcodesaccordion252-0\">ANTWORT<\/a>Der Schatten.<\/p>\n<p>\u00a0<\/p>\n<p>Welches Pferd h\u00e4lt hundert Reiter aus?\u00a0<\/p>\n<p><a class=\"accordion-toggle collapsed\" data-toggle=\"collapse\" data-parent=\"#accordion-thinkupshortcodesaccordion253\" href=\"#thinkupshortcodesaccordion253-0\">ANTWORT<\/a>Steckenpferd<\/p>\n<p>\u00a0<\/p>\n<p>Welches Pflaster legt man auf keine Wunde?\u00a0<\/p>\n<p><a class=\"accordion-toggle collapsed\" data-toggle=\"collapse\" data-parent=\"#accordion-thinkupshortcodesaccordion254\" href=\"#thinkupshortcodesaccordion254-0\">ANTWORT<\/a>Stra\u00dfenpflaster<\/p>\n<p>\u00a0<\/p>\n<p>Welchen Spiegel putzt man nicht?\u00a0<\/p>\n<p><a class=\"accordion-toggle collapsed\" data-toggle=\"collapse\" data-parent=\"#accordion-thinkupshortcodesaccordion255\" href=\"#thinkupshortcodesaccordion255-0\">ANTWORT<\/a>Wasserspiegel<\/p>\n<p>\u00a0<\/p>\n<p>Welches K\u00e4tzchen hat kein T\u00e4tzchen?\u00a0<\/p>\n<p><a class=\"accordion-toggle collapsed\" data-toggle=\"collapse\" data-parent=\"#accordion-thinkupshortcodesaccordion256\" href=\"#thinkupshortcodesaccordion256-0\">ANTWORT<\/a>Weidenk\u00e4tzchen<\/p>\n<p>\u00a0<\/p>\n<p>Auf welcher Stra\u00dfe kann man weder Fahren noch gehen?<\/p>\n<p><a class=\"accordion-toggle collapsed\" data-toggle=\"collapse\" data-parent=\"#accordion-thinkupshortcodesaccordion257\" href=\"#thinkupshortcodesaccordion257-0\">ANTWORT<\/a>Auf der Milchstra\u00dfe.<\/p>\n<p>\u00a0<\/p>\n<p>Es hat keinen K\u00f6rper und ist doch sichtbar.<\/p>\n<p><a class=\"accordion-toggle collapsed\" data-toggle=\"collapse\" data-parent=\"#accordion-thinkupshortcodesaccordion258\" href=\"#thinkupshortcodesaccordion258-0\">ANTWORT<\/a>Der Schatten.<\/p>\n<p>\u00a0<\/p>\n<p>Welcher Bus hat keine R\u00e4der?<\/p>\n<p><a class=\"accordion-toggle collapsed\" data-toggle=\"collapse\" data-parent=\"#accordion-thinkupshortcodesaccordion259\" href=\"#thinkupshortcodesaccordion259-0\">ANTWORT<\/a>Der Globus.<\/p>\n<p>\u00a0<\/p>\n<p>Wer spricht alle Sprachen und beh\u00e4lt immer das letzte Wort?<\/p>\n<p><a class=\"accordion-toggle collapsed\" data-toggle=\"collapse\" data-parent=\"#accordion-thinkupshortcodesaccordion260\" href=\"#thinkupshortcodesaccordion260-0\">ANTWORT<\/a>Das Echo.<\/p>\n<p>\u00a0<\/p>\n<p>Was liegt zwischen Berg und Tal?<\/p>\n<p><a class=\"accordion-toggle collapsed\" data-toggle=\"collapse\" data-parent=\"#accordion-thinkupshortcodesaccordion261\" href=\"#thinkupshortcodesaccordion261-0\">ANTWORT<\/a>und<\/p>\n<p>\u00a0<\/p>\n<p>Wo geht die Katze hin, wenn sie ein Jahr alt ist?<\/p>\n<p><a class=\"accordion-toggle collapsed\" data-toggle=\"collapse\" data-parent=\"#accordion-thinkupshortcodesaccordion262\" href=\"#thinkupshortcodesaccordion262-0\">ANTWORT<\/a>Ins zweite Jahr.<\/p>\n<p>\u00a0<\/p>\n<p>Welche alte deutsche Stadt wird mit \u201eEr\u201c angesprochen?Erraten kann das R\u00e4tsel nur, wer die seichte Stelle eines Flusses kennt.<\/p>\n<p><a class=\"accordion-toggle collapsed\" data-toggle=\"collapse\" data-parent=\"#accordion-thinkupshortcodesaccordion263\" href=\"#thinkupshortcodesaccordion263-0\">ANTWORT<\/a>Erfurt<\/p>\n<p>\u00a0<\/p>\n<p>Wer von der Au\u00dfenwelt abgeschnitten ist, der br\u00e4uchte unbedingt eine Hand mit Y. Was soll das sein?<\/p>\n<p><a class=\"accordion-toggle collapsed\" data-toggle=\"collapse\" data-parent=\"#accordion-thinkupshortcodesaccordion264\" href=\"#thinkupshortcodesaccordion264-0\">ANTWORT<\/a>Handy\u00a0\u00a0Ich kam zum Ziel mit R\u00fcckw\u00e4rtsfahrn.Erkl\u00e4re wer, mir mal den Schmarn!<\/p>\n<p><a class=\"accordion-toggle collapsed\" data-toggle=\"collapse\" data-parent=\"#accordion-thinkupshortcodesaccordion265\" href=\"#thinkupshortcodesaccordion265-0\">ANTWORT<\/a>Es gibt viele M\u00f6glichkeiten, z.B. mit Eisen- oder Stra\u00dfenbahn. Beim Autofahren sollte das nicht passieren.<\/p>\n<p>\u00a0<\/p>\n<p>Was ist gro\u00df beim Saurier und klein bei der Eidechse?<\/p>\n<p><a class=\"accordion-toggle collapsed\" data-toggle=\"collapse\" data-parent=\"#accordion-thinkupshortcodesaccordion266\" href=\"#thinkupshortcodesaccordion266-0\">ANTWORT<\/a>Das S.<\/p>\n<p>\u00a0<\/p>\n<p>In welcher s\u00fcdamerikanischen Stadt versteckt sich ein Video?<\/p>\n<p><a class=\"accordion-toggle collapsed\" data-toggle=\"collapse\" data-parent=\"#accordion-thinkupshortcodesaccordion267\" href=\"#thinkupshortcodesaccordion267-0\">ANTWORT<\/a>Montevideo<\/p>\n<p>\u00a0<\/p>\n<p>9 malnicht dumm= ?<\/p>\n<p><a class=\"accordion-toggle collapsed\" data-toggle=\"collapse\" data-parent=\"#accordion-thinkupshortcodesaccordion268\" href=\"#thinkupshortcodesaccordion268-0\">ANTWORT<\/a>Neunmalklug<\/p>\n<p>\u00a0<\/p>\n<p>St mit Br betrachtet.Wird nicht lauter.<\/p>\n<p><a class=\"accordion-toggle collapsed\" data-toggle=\"collapse\" data-parent=\"#accordion-thinkupshortcodesaccordion269\" href=\"#thinkupshortcodesaccordion269-0\">ANTWORT<\/a>Stille | Brille<\/p>\n<p>&nbsp;&nbsp;&nbsp;&nbsp;<\/p>\n<p><a href=\"http:\/\/www.derfaulepoet.de\/wp-content\/uploads\/2013\/01\/Bildr\u00e4tsel-Eier-und-Uhr.bmp\"><img class=\" size-thumbnail wp-image-1284 aligncenter\" src=\"http:\/\/www.derfaulepoet.de\/wp-content\/uploads\/2013\/01\/Bildr\u00e4tsel-Eier-und-Uhr.bmp\" alt=\"Bildr\u00e4tsel Eier und Uhr\" \/><\/a><\/p>\n<p style=\"text-align: center;\">Was ist denn das?<\/p>\n<p>&nbsp;<\/p>\n","protected":false},"excerpt":{"rendered":"<p>&nbsp; Diese R\u00e4tsel sind, wie die Namen bereits schon sagen, nicht ganz ernst gemeint.Sie sind Teil des weiten Spektrums der Scherz- und Nonsenspoesie, zu der auch Klapphornferse, Leberreime, Limerick und andere geh\u00f6ren.Diese R\u00e4tsel sind an keine bestimmte Form gebunden, wie jeder hier sehen kann. Zwei Beispiele:7 \u2013 Worte im Gleichklang oder sch\u00f6ner Nonsens Jeder kann [&hellip;]<\/p>\n","protected":false},"author":1,"featured_media":0,"parent":0,"menu_order":0,"comment_status":"open","ping_status":"open","template":"","meta":[],"categories":[],"tags":[],"_links":{"self":[{"href":"http:\/\/www.derfaulepoet.de\/index.php?rest_route=\/wp\/v2\/pages\/1629"}],"collection":[{"href":"http:\/\/www.derfaulepoet.de\/index.php?rest_route=\/wp\/v2\/pages"}],"about":[{"href":"http:\/\/www.derfaulepoet.de\/index.php?rest_route=\/wp\/v2\/types\/page"}],"author":[{"embeddable":true,"href":"http:\/\/www.derfaulepoet.de\/index.php?rest_route=\/wp\/v2\/users\/1"}],"replies":[{"embeddable":true,"href":"http:\/\/www.derfaulepoet.de\/index.php?rest_route=%2Fwp%2Fv2%2Fcomments&post=1629"}],"version-history":[{"count":12,"href":"http:\/\/www.derfaulepoet.de\/index.php?rest_route=\/wp\/v2\/pages\/1629\/revisions"}],"predecessor-version":[{"id":2006,"href":"http:\/\/www.derfaulepoet.de\/index.php?rest_route=\/wp\/v2\/pages\/1629\/revisions\/2006"}],"wp:attachment":[{"href":"http:\/\/www.derfaulepoet.de\/index.php?rest_route=%2Fwp%2Fv2%2Fmedia&parent=1629"}],"wp:term":[{"taxonomy":"category","embeddable":true,"href":"http:\/\/www.derfaulepoet.de\/index.php?rest_route=%2Fwp%2Fv2%2Fcategories&post=1629"},{"taxonomy":"post_tag","embeddable":true,"href":"http:\/\/www.derfaulepoet.de\/index.php?rest_route=%2Fwp%2Fv2%2Ftags&post=1629"}],"curies":[{"name":"wp","href":"https:\/\/api.w.org\/{rel}","templated":true}]}}